{"id":32614,"date":"2025-02-09T05:23:10","date_gmt":"2025-02-09T04:23:10","guid":{"rendered":"https:\/\/pandita.mx\/?post_type=product&#038;p=32614"},"modified":"2025-02-09T05:26:46","modified_gmt":"2025-02-09T04:26:46","slug":"gargolas-tortugas-ninja","status":"publish","type":"product","link":"https:\/\/pandita.mx\/index.php\/producto\/gargolas-tortugas-ninja\/","title":{"rendered":"Gargolas Tortugas Ninja"},"content":{"rendered":"<p>\ud83c\udf7a\ud83d\udcaa En pandita.mx, rinde homenaje a Duffman, el ic\u00f3nico y energ\u00e9tico portavoz de la cerveza Duff en Los Simpson, con nuestras exclusivas playeras. Con dise\u00f1os vibrantes que capturan su actitud festiva y su inolvidable traje azul y rojo, estas playeras son perfectas para los fans de la serie. \u00a1Oh, s\u00ed! \ud83d\ude0e\ud83d\udd25 Consigue la tuya solo en pandita.mx. \ud83c\udf7b<\/p>\n","protected":false},"excerpt":{"rendered":"<p>\ud83c\udf7a\ud83d\udcaa En pandita.mx, rinde homenaje a Duffman, el ic\u00f3nico y energ\u00e9tico portavoz de la cerveza Duff en Los Simpson, con nuestras exclusivas playeras. Con dise\u00f1os vibrantes que capturan su actitud festiva y su inolvidable traje azul y rojo, estas playeras son perfectas para los fans de la serie. \u00a1Oh, s\u00ed! \ud83d\ude0e\ud83d\udd25 Consigue la tuya solo [&hellip;]<\/p>\n","protected":false},"featured_media":32393,"comment_status":"open","ping_status":"closed","template":"","meta":{"_et_pb_use_builder":"","_et_pb_old_content":"","_et_gb_content_width":""},"product_cat":[203],"product_tag":[],"class_list":{"0":"post-32614","1":"product","2":"type-product","3":"status-publish","4":"has-post-thumbnail","6":"product_cat-retros","8":"first","9":"instock","10":"shipping-taxable","11":"purchasable","12":"product-type-variable"},"_links":{"self":[{"href":"https:\/\/pandita.mx\/index.php\/wp-json\/wp\/v2\/product\/32614","targetHints":{"allow":["GET"]}}],"collection":[{"href":"https:\/\/pandita.mx\/index.php\/wp-json\/wp\/v2\/product"}],"about":[{"href":"https:\/\/pandita.mx\/index.php\/wp-json\/wp\/v2\/types\/product"}],"replies":[{"embeddable":true,"href":"https:\/\/pandita.mx\/index.php\/wp-json\/wp\/v2\/comments?post=32614"}],"wp:featuredmedia":[{"embeddable":true,"href":"https:\/\/pandita.mx\/index.php\/wp-json\/wp\/v2\/media\/32393"}],"wp:attachment":[{"href":"https:\/\/pandita.mx\/index.php\/wp-json\/wp\/v2\/media?parent=32614"}],"wp:term":[{"taxonomy":"product_cat","embeddable":true,"href":"https:\/\/pandita.mx\/index.php\/wp-json\/wp\/v2\/product_cat?post=32614"},{"taxonomy":"product_tag","embeddable":true,"href":"https:\/\/pandita.mx\/index.php\/wp-json\/wp\/v2\/product_tag?post=32614"}],"curies":[{"name":"wp","href":"https:\/\/api.w.org\/{rel}","templated":true}]}}