{"id":32382,"date":"2025-02-08T23:16:16","date_gmt":"2025-02-08T22:16:16","guid":{"rendered":"https:\/\/pandita.mx\/?post_type=product&#038;p=32382"},"modified":"2025-02-09T05:18:01","modified_gmt":"2025-02-09T04:18:01","slug":"bob-sponja-santa-cruz","status":"publish","type":"product","link":"https:\/\/pandita.mx\/index.php\/producto\/bob-sponja-santa-cruz\/","title":{"rendered":"Bob Sponja Santa Cruz"},"content":{"rendered":"<p>\ud83e\uddfd\ud83c\udf84\ud83c\udfc4\u200d\u2642\ufe0f En pandita.mx, luce el estilo \u00fanico de Bob Esponja x Santa Cruz con nuestras exclusivas playeras. Dise\u00f1os vibrantes que combinan la locura de Fondo de Bikini con el esp\u00edritu skater de Santa Cruz, perfectos para los fans del personaje m\u00e1s divertido del mar. \u00a1Consigue la tuya y lleva la diversi\u00f3n con estilo solo en pandita.mx! \ud83c\udf0a\ud83d\udd25<\/p>\n","protected":false},"excerpt":{"rendered":"<p>\ud83e\uddfd\ud83c\udf84\ud83c\udfc4\u200d\u2642\ufe0f En pandita.mx, luce el estilo \u00fanico de Bob Esponja x Santa Cruz con nuestras exclusivas playeras. Dise\u00f1os vibrantes que combinan la locura de Fondo de Bikini con el esp\u00edritu skater de Santa Cruz, perfectos para los fans del personaje m\u00e1s divertido del mar. \u00a1Consigue la tuya y lleva la diversi\u00f3n con estilo solo en [&hellip;]<\/p>\n","protected":false},"featured_media":32390,"comment_status":"open","ping_status":"closed","template":"","meta":{"_et_pb_use_builder":"","_et_pb_old_content":"","_et_gb_content_width":""},"product_cat":[38],"product_tag":[],"class_list":{"0":"post-32382","1":"product","2":"type-product","3":"status-publish","4":"has-post-thumbnail","6":"product_cat-bob-esponja","8":"first","9":"instock","10":"shipping-taxable","11":"purchasable","12":"product-type-variable"},"_links":{"self":[{"href":"https:\/\/pandita.mx\/index.php\/wp-json\/wp\/v2\/product\/32382","targetHints":{"allow":["GET"]}}],"collection":[{"href":"https:\/\/pandita.mx\/index.php\/wp-json\/wp\/v2\/product"}],"about":[{"href":"https:\/\/pandita.mx\/index.php\/wp-json\/wp\/v2\/types\/product"}],"replies":[{"embeddable":true,"href":"https:\/\/pandita.mx\/index.php\/wp-json\/wp\/v2\/comments?post=32382"}],"wp:featuredmedia":[{"embeddable":true,"href":"https:\/\/pandita.mx\/index.php\/wp-json\/wp\/v2\/media\/32390"}],"wp:attachment":[{"href":"https:\/\/pandita.mx\/index.php\/wp-json\/wp\/v2\/media?parent=32382"}],"wp:term":[{"taxonomy":"product_cat","embeddable":true,"href":"https:\/\/pandita.mx\/index.php\/wp-json\/wp\/v2\/product_cat?post=32382"},{"taxonomy":"product_tag","embeddable":true,"href":"https:\/\/pandita.mx\/index.php\/wp-json\/wp\/v2\/product_tag?post=32382"}],"curies":[{"name":"wp","href":"https:\/\/api.w.org\/{rel}","templated":true}]}}