{"id":323,"date":"2024-01-08T21:53:38","date_gmt":"2024-01-08T20:53:38","guid":{"rendered":"https:\/\/pandita.mx\/?post_type=product&#038;p=323"},"modified":"2024-01-14T16:35:34","modified_gmt":"2024-01-14T15:35:34","slug":"minnesota-vikings","status":"publish","type":"product","link":"https:\/\/pandita.mx\/index.php\/producto\/minnesota-vikings\/","title":{"rendered":"Minnesota Vikings"},"content":{"rendered":"<p>Playera de los Minnesota Vikings con escudo NFL, en el fr\u00edo del norte, navegamos por la batalla con coraje y determinaci\u00f3n. P\u00farpura y oro, colores de la tradici\u00f3n y la victoria. \u00a1Somos la furia del norte, somos Vikings, listos para conquistar los campos de batalla del emparrillado con nuestra fortaleza ancestral<\/p>\n","protected":false},"excerpt":{"rendered":"<p>Playera de los Minnesota Vikings con escudo NFL, en el fr\u00edo del norte, navegamos por la batalla con coraje y determinaci\u00f3n. P\u00farpura y oro, colores de la tradici\u00f3n y la victoria. \u00a1Somos la furia del norte, somos Vikings, listos para conquistar los campos de batalla del emparrillado con nuestra fortaleza ancestral<\/p>\n","protected":false},"featured_media":293,"comment_status":"open","ping_status":"closed","template":"","meta":{"_et_pb_use_builder":"","_et_pb_old_content":"","_et_gb_content_width":""},"product_cat":[24],"product_tag":[],"class_list":{"0":"post-323","1":"product","2":"type-product","3":"status-publish","4":"has-post-thumbnail","6":"product_cat-nfl","8":"first","9":"instock","10":"shipping-taxable","11":"purchasable","12":"product-type-simple"},"_links":{"self":[{"href":"https:\/\/pandita.mx\/index.php\/wp-json\/wp\/v2\/product\/323","targetHints":{"allow":["GET"]}}],"collection":[{"href":"https:\/\/pandita.mx\/index.php\/wp-json\/wp\/v2\/product"}],"about":[{"href":"https:\/\/pandita.mx\/index.php\/wp-json\/wp\/v2\/types\/product"}],"replies":[{"embeddable":true,"href":"https:\/\/pandita.mx\/index.php\/wp-json\/wp\/v2\/comments?post=323"}],"wp:featuredmedia":[{"embeddable":true,"href":"https:\/\/pandita.mx\/index.php\/wp-json\/wp\/v2\/media\/293"}],"wp:attachment":[{"href":"https:\/\/pandita.mx\/index.php\/wp-json\/wp\/v2\/media?parent=323"}],"wp:term":[{"taxonomy":"product_cat","embeddable":true,"href":"https:\/\/pandita.mx\/index.php\/wp-json\/wp\/v2\/product_cat?post=323"},{"taxonomy":"product_tag","embeddable":true,"href":"https:\/\/pandita.mx\/index.php\/wp-json\/wp\/v2\/product_tag?post=323"}],"curies":[{"name":"wp","href":"https:\/\/api.w.org\/{rel}","templated":true}]}}