{"id":31953,"date":"2025-01-26T18:37:43","date_gmt":"2025-01-26T17:37:43","guid":{"rendered":"https:\/\/pandita.mx\/?post_type=product&#038;p=31953"},"modified":"2025-01-26T18:38:59","modified_gmt":"2025-01-26T17:38:59","slug":"canelo-alvarez","status":"publish","type":"product","link":"https:\/\/pandita.mx\/index.php\/producto\/canelo-alvarez\/","title":{"rendered":"Canelo Alvarez"},"content":{"rendered":"<p>\ud83e\udd4a\ud83d\udd25 En pandita.mx, celebra el poder y la t\u00e9cnica de Canelo \u00c1lvarez con nuestras exclusivas playeras. Con dise\u00f1os que capturan su fuerza, su estilo inconfundible en el ring y su legado como uno de los mejores boxeadores del mundo, estas playeras son perfectas para los verdaderos fan\u00e1ticos del deporte. \u00a1Lleva contigo la energ\u00eda de Canelo \u00c1lvarez con estilo solo en pandita.mx! \ud83d\udca5\ud83d\udcaa<\/p>\n","protected":false},"excerpt":{"rendered":"<p>\ud83e\udd4a\ud83d\udd25 En pandita.mx, celebra el poder y la t\u00e9cnica de Canelo \u00c1lvarez con nuestras exclusivas playeras. Con dise\u00f1os que capturan su fuerza, su estilo inconfundible en el ring y su legado como uno de los mejores boxeadores del mundo, estas playeras son perfectas para los verdaderos fan\u00e1ticos del deporte. \u00a1Lleva contigo la energ\u00eda de Canelo [&hellip;]<\/p>\n","protected":false},"featured_media":31961,"comment_status":"open","ping_status":"closed","template":"","meta":{"_et_pb_use_builder":"","_et_pb_old_content":"","_et_gb_content_width":""},"product_cat":[189],"product_tag":[],"class_list":{"0":"post-31953","1":"product","2":"type-product","3":"status-publish","4":"has-post-thumbnail","6":"product_cat-box","8":"first","9":"instock","10":"shipping-taxable","11":"purchasable","12":"product-type-variable"},"_links":{"self":[{"href":"https:\/\/pandita.mx\/index.php\/wp-json\/wp\/v2\/product\/31953","targetHints":{"allow":["GET"]}}],"collection":[{"href":"https:\/\/pandita.mx\/index.php\/wp-json\/wp\/v2\/product"}],"about":[{"href":"https:\/\/pandita.mx\/index.php\/wp-json\/wp\/v2\/types\/product"}],"replies":[{"embeddable":true,"href":"https:\/\/pandita.mx\/index.php\/wp-json\/wp\/v2\/comments?post=31953"}],"wp:featuredmedia":[{"embeddable":true,"href":"https:\/\/pandita.mx\/index.php\/wp-json\/wp\/v2\/media\/31961"}],"wp:attachment":[{"href":"https:\/\/pandita.mx\/index.php\/wp-json\/wp\/v2\/media?parent=31953"}],"wp:term":[{"taxonomy":"product_cat","embeddable":true,"href":"https:\/\/pandita.mx\/index.php\/wp-json\/wp\/v2\/product_cat?post=31953"},{"taxonomy":"product_tag","embeddable":true,"href":"https:\/\/pandita.mx\/index.php\/wp-json\/wp\/v2\/product_tag?post=31953"}],"curies":[{"name":"wp","href":"https:\/\/api.w.org\/{rel}","templated":true}]}}