{"id":31945,"date":"2025-01-26T18:36:19","date_gmt":"2025-01-26T17:36:19","guid":{"rendered":"https:\/\/pandita.mx\/?post_type=product&#038;p=31945"},"modified":"2025-01-26T18:36:57","modified_gmt":"2025-01-26T17:36:57","slug":"sting","status":"publish","type":"product","link":"https:\/\/pandita.mx\/index.php\/producto\/sting\/","title":{"rendered":"Sting"},"content":{"rendered":"<p>\ud83e\udd3c\u200d\u2642\ufe0f\ud83d\udda4 En pandita.mx, rinde homenaje a la leyenda del wrestling, Sting, con nuestras exclusivas playeras. Con dise\u00f1os que capturan su ic\u00f3nica pintura facial, su estilo en el ring y su presencia \u00fanica, estas playeras son perfectas para los fans de una de las figuras m\u00e1s emblem\u00e1ticas de la lucha libre. \u00a1Lleva contigo la esencia de Sting y su legado con estilo solo en pandita.mx! \u26a1\ud83d\udd25<\/p>\n","protected":false},"excerpt":{"rendered":"<p>\ud83e\udd3c\u200d\u2642\ufe0f\ud83d\udda4 En pandita.mx, rinde homenaje a la leyenda del wrestling, Sting, con nuestras exclusivas playeras. Con dise\u00f1os que capturan su ic\u00f3nica pintura facial, su estilo en el ring y su presencia \u00fanica, estas playeras son perfectas para los fans de una de las figuras m\u00e1s emblem\u00e1ticas de la lucha libre. \u00a1Lleva contigo la esencia de [&hellip;]<\/p>\n","protected":false},"featured_media":31502,"comment_status":"open","ping_status":"closed","template":"","meta":{"_et_pb_use_builder":"","_et_pb_old_content":"","_et_gb_content_width":""},"product_cat":[194],"product_tag":[],"class_list":{"0":"post-31945","1":"product","2":"type-product","3":"status-publish","4":"has-post-thumbnail","6":"product_cat-wwe-vintage","8":"first","9":"instock","10":"shipping-taxable","11":"purchasable","12":"product-type-variable"},"_links":{"self":[{"href":"https:\/\/pandita.mx\/index.php\/wp-json\/wp\/v2\/product\/31945","targetHints":{"allow":["GET"]}}],"collection":[{"href":"https:\/\/pandita.mx\/index.php\/wp-json\/wp\/v2\/product"}],"about":[{"href":"https:\/\/pandita.mx\/index.php\/wp-json\/wp\/v2\/types\/product"}],"replies":[{"embeddable":true,"href":"https:\/\/pandita.mx\/index.php\/wp-json\/wp\/v2\/comments?post=31945"}],"wp:featuredmedia":[{"embeddable":true,"href":"https:\/\/pandita.mx\/index.php\/wp-json\/wp\/v2\/media\/31502"}],"wp:attachment":[{"href":"https:\/\/pandita.mx\/index.php\/wp-json\/wp\/v2\/media?parent=31945"}],"wp:term":[{"taxonomy":"product_cat","embeddable":true,"href":"https:\/\/pandita.mx\/index.php\/wp-json\/wp\/v2\/product_cat?post=31945"},{"taxonomy":"product_tag","embeddable":true,"href":"https:\/\/pandita.mx\/index.php\/wp-json\/wp\/v2\/product_tag?post=31945"}],"curies":[{"name":"wp","href":"https:\/\/api.w.org\/{rel}","templated":true}]}}