{"id":31640,"date":"2025-01-26T18:05:51","date_gmt":"2025-01-26T17:05:51","guid":{"rendered":"https:\/\/pandita.mx\/?post_type=product&#038;p=31640"},"modified":"2025-01-26T18:08:01","modified_gmt":"2025-01-26T17:08:01","slug":"eddy-guerrero-mx","status":"publish","type":"product","link":"https:\/\/pandita.mx\/index.php\/producto\/eddy-guerrero-mx\/","title":{"rendered":"Eddy Guerrero Mx"},"content":{"rendered":"<p>\ud83e\udd3c\u200d\u2642\ufe0f\ud83c\udf1f En pandita.mx, rinde homenaje a la leyenda de Eddie Guerrero con nuestras exclusivas playeras. Con dise\u00f1os que capturan su incre\u00edble carisma, su estilo \u00fanico en el ring y su famoso \u00abLie, Cheat, and Steal\u00bb, estas playeras son perfectas para los verdaderos fans de la lucha libre. \u00a1Lleva contigo el legado de Eddie Guerrero y su energ\u00eda \u00fanica solo en pandita.mx! \ud83d\udd25\ud83c\udfad<\/p>\n","protected":false},"excerpt":{"rendered":"<p>\ud83e\udd3c\u200d\u2642\ufe0f\ud83c\udf1f En pandita.mx, rinde homenaje a la leyenda de Eddie Guerrero con nuestras exclusivas playeras. Con dise\u00f1os que capturan su incre\u00edble carisma, su estilo \u00fanico en el ring y su famoso \u00abLie, Cheat, and Steal\u00bb, estas playeras son perfectas para los verdaderos fans de la lucha libre. \u00a1Lleva contigo el legado de Eddie Guerrero y [&hellip;]<\/p>\n","protected":false},"featured_media":31471,"comment_status":"open","ping_status":"closed","template":"","meta":{"_et_pb_use_builder":"","_et_pb_old_content":"","_et_gb_content_width":""},"product_cat":[194],"product_tag":[],"class_list":{"0":"post-31640","1":"product","2":"type-product","3":"status-publish","4":"has-post-thumbnail","6":"product_cat-wwe-vintage","8":"first","9":"instock","10":"shipping-taxable","11":"purchasable","12":"product-type-variable"},"_links":{"self":[{"href":"https:\/\/pandita.mx\/index.php\/wp-json\/wp\/v2\/product\/31640","targetHints":{"allow":["GET"]}}],"collection":[{"href":"https:\/\/pandita.mx\/index.php\/wp-json\/wp\/v2\/product"}],"about":[{"href":"https:\/\/pandita.mx\/index.php\/wp-json\/wp\/v2\/types\/product"}],"replies":[{"embeddable":true,"href":"https:\/\/pandita.mx\/index.php\/wp-json\/wp\/v2\/comments?post=31640"}],"wp:featuredmedia":[{"embeddable":true,"href":"https:\/\/pandita.mx\/index.php\/wp-json\/wp\/v2\/media\/31471"}],"wp:attachment":[{"href":"https:\/\/pandita.mx\/index.php\/wp-json\/wp\/v2\/media?parent=31640"}],"wp:term":[{"taxonomy":"product_cat","embeddable":true,"href":"https:\/\/pandita.mx\/index.php\/wp-json\/wp\/v2\/product_cat?post=31640"},{"taxonomy":"product_tag","embeddable":true,"href":"https:\/\/pandita.mx\/index.php\/wp-json\/wp\/v2\/product_tag?post=31640"}],"curies":[{"name":"wp","href":"https:\/\/api.w.org\/{rel}","templated":true}]}}