{"id":31536,"date":"2025-01-26T17:53:56","date_gmt":"2025-01-26T16:53:56","guid":{"rendered":"https:\/\/pandita.mx\/?post_type=product&#038;p=31536"},"modified":"2025-01-26T17:55:03","modified_gmt":"2025-01-26T16:55:03","slug":"bret-hitman-hart","status":"publish","type":"product","link":"https:\/\/pandita.mx\/index.php\/producto\/bret-hitman-hart\/","title":{"rendered":"Bret \u00abHitman\u00bb Hart"},"content":{"rendered":"<p>\ud83e\udd3c\u200d\u2642\ufe0f\ud83c\udf1f En pandita.mx, rinde homenaje a Bret \u00abHitman\u00bb Hart, una de las leyendas m\u00e1s grandes de la lucha libre, con nuestras exclusivas playeras. Con dise\u00f1os que capturan su estilo t\u00e9cnico en el ring, su ic\u00f3nica camiseta de \u00abHitman\u00bb y su legado como el mejor \u00abthere is, the best there was, and the best there ever will be\u00bb, estas playeras son perfectas para los fans de la era dorada de la WWE. \u00a1Lleva contigo la grandeza de Bret Hart con estilo solo en pandita.mx! \ud83c\udfad\ud83d\udc4a<\/p>\n","protected":false},"excerpt":{"rendered":"<p>\ud83e\udd3c\u200d\u2642\ufe0f\ud83c\udf1f En pandita.mx, rinde homenaje a Bret \u00abHitman\u00bb Hart, una de las leyendas m\u00e1s grandes de la lucha libre, con nuestras exclusivas playeras. Con dise\u00f1os que capturan su estilo t\u00e9cnico en el ring, su ic\u00f3nica camiseta de \u00abHitman\u00bb y su legado como el mejor \u00abthere is, the best there was, and the best there ever [&hellip;]<\/p>\n","protected":false},"featured_media":31459,"comment_status":"open","ping_status":"closed","template":"","meta":{"_et_pb_use_builder":"","_et_pb_old_content":"","_et_gb_content_width":""},"product_cat":[194],"product_tag":[],"class_list":{"0":"post-31536","1":"product","2":"type-product","3":"status-publish","4":"has-post-thumbnail","6":"product_cat-wwe-vintage","8":"first","9":"instock","10":"shipping-taxable","11":"purchasable","12":"product-type-variable"},"_links":{"self":[{"href":"https:\/\/pandita.mx\/index.php\/wp-json\/wp\/v2\/product\/31536","targetHints":{"allow":["GET"]}}],"collection":[{"href":"https:\/\/pandita.mx\/index.php\/wp-json\/wp\/v2\/product"}],"about":[{"href":"https:\/\/pandita.mx\/index.php\/wp-json\/wp\/v2\/types\/product"}],"replies":[{"embeddable":true,"href":"https:\/\/pandita.mx\/index.php\/wp-json\/wp\/v2\/comments?post=31536"}],"wp:featuredmedia":[{"embeddable":true,"href":"https:\/\/pandita.mx\/index.php\/wp-json\/wp\/v2\/media\/31459"}],"wp:attachment":[{"href":"https:\/\/pandita.mx\/index.php\/wp-json\/wp\/v2\/media?parent=31536"}],"wp:term":[{"taxonomy":"product_cat","embeddable":true,"href":"https:\/\/pandita.mx\/index.php\/wp-json\/wp\/v2\/product_cat?post=31536"},{"taxonomy":"product_tag","embeddable":true,"href":"https:\/\/pandita.mx\/index.php\/wp-json\/wp\/v2\/product_tag?post=31536"}],"curies":[{"name":"wp","href":"https:\/\/api.w.org\/{rel}","templated":true}]}}