{"id":31511,"date":"2025-01-26T17:49:30","date_gmt":"2025-01-26T16:49:30","guid":{"rendered":"https:\/\/pandita.mx\/?post_type=product&#038;p=31511"},"modified":"2025-01-26T17:50:20","modified_gmt":"2025-01-26T16:50:20","slug":"fenix-lucha-bros","status":"publish","type":"product","link":"https:\/\/pandita.mx\/index.php\/producto\/fenix-lucha-bros\/","title":{"rendered":"Fenix Lucha Bros"},"content":{"rendered":"<p>\ud83e\udd3c\u200d\u2642\ufe0f\ud83d\udd25 En pandita.mx, celebra el \u00e9pico regreso de Pentagon y F\u00e9nix a la WWE con nuestras exclusivas playeras dise\u00f1adas para los verdaderos fans de la lucha libre. Con dise\u00f1os que destacan su estilo \u00fanico, m\u00e1scaras ic\u00f3nicas y su impacto en el ring, estas playeras son ideales para quienes siguen la carrera de estos legendarios luchadores mexicanos. \u00a1Lleva contigo la emoci\u00f3n de su regreso a la WWE y luce su legado con estilo solo en pandita.mx! \ud83c\udfad\ud83d\udc4a\u2728<\/p>\n","protected":false},"excerpt":{"rendered":"<p>\ud83e\udd3c\u200d\u2642\ufe0f\ud83d\udd25 En pandita.mx, celebra el \u00e9pico regreso de Pentagon y F\u00e9nix a la WWE con nuestras exclusivas playeras dise\u00f1adas para los verdaderos fans de la lucha libre. Con dise\u00f1os que destacan su estilo \u00fanico, m\u00e1scaras ic\u00f3nicas y su impacto en el ring, estas playeras son ideales para quienes siguen la carrera de estos legendarios luchadores [&hellip;]<\/p>\n","protected":false},"featured_media":31473,"comment_status":"open","ping_status":"closed","template":"","meta":{"_et_pb_use_builder":"","_et_pb_old_content":"","_et_gb_content_width":""},"product_cat":[190],"product_tag":[],"class_list":{"0":"post-31511","1":"product","2":"type-product","3":"status-publish","4":"has-post-thumbnail","6":"product_cat-wwe-pentagon","8":"first","9":"instock","10":"shipping-taxable","11":"purchasable","12":"product-type-variable"},"_links":{"self":[{"href":"https:\/\/pandita.mx\/index.php\/wp-json\/wp\/v2\/product\/31511","targetHints":{"allow":["GET"]}}],"collection":[{"href":"https:\/\/pandita.mx\/index.php\/wp-json\/wp\/v2\/product"}],"about":[{"href":"https:\/\/pandita.mx\/index.php\/wp-json\/wp\/v2\/types\/product"}],"replies":[{"embeddable":true,"href":"https:\/\/pandita.mx\/index.php\/wp-json\/wp\/v2\/comments?post=31511"}],"wp:featuredmedia":[{"embeddable":true,"href":"https:\/\/pandita.mx\/index.php\/wp-json\/wp\/v2\/media\/31473"}],"wp:attachment":[{"href":"https:\/\/pandita.mx\/index.php\/wp-json\/wp\/v2\/media?parent=31511"}],"wp:term":[{"taxonomy":"product_cat","embeddable":true,"href":"https:\/\/pandita.mx\/index.php\/wp-json\/wp\/v2\/product_cat?post=31511"},{"taxonomy":"product_tag","embeddable":true,"href":"https:\/\/pandita.mx\/index.php\/wp-json\/wp\/v2\/product_tag?post=31511"}],"curies":[{"name":"wp","href":"https:\/\/api.w.org\/{rel}","templated":true}]}}