{"id":315,"date":"2024-01-08T21:38:41","date_gmt":"2024-01-08T20:38:41","guid":{"rendered":"https:\/\/pandita.mx\/?post_type=product&#038;p=315"},"modified":"2024-01-14T17:05:11","modified_gmt":"2024-01-14T16:05:11","slug":"los-angeles-rams","status":"publish","type":"product","link":"https:\/\/pandita.mx\/index.php\/producto\/los-angeles-rams\/","title":{"rendered":"Los Angeles Rams"},"content":{"rendered":"<p>Playera de los Angels Rams con escudo NFL, en el resplandor de Hollywood, embestimos con gracia y fuerza. Azul y oro, colores de elegancia y triunfo. \u00a1Somos el reba\u00f1o intr\u00e9pido, somos Rams, listos para conquistar el emparrillado con estilo y determinaci\u00f3n<\/p>\n","protected":false},"excerpt":{"rendered":"<p>Playera de los Angels Rams con escudo NFL, en el resplandor de Hollywood, embestimos con gracia y fuerza. Azul y oro, colores de elegancia y triunfo. \u00a1Somos el reba\u00f1o intr\u00e9pido, somos Rams, listos para conquistar el emparrillado con estilo y determinaci\u00f3n<\/p>\n","protected":false},"featured_media":283,"comment_status":"open","ping_status":"closed","template":"","meta":{"_et_pb_use_builder":"","_et_pb_old_content":"","_et_gb_content_width":""},"product_cat":[24],"product_tag":[],"class_list":{"0":"post-315","1":"product","2":"type-product","3":"status-publish","4":"has-post-thumbnail","6":"product_cat-nfl","8":"first","9":"instock","10":"shipping-taxable","11":"purchasable","12":"product-type-simple"},"_links":{"self":[{"href":"https:\/\/pandita.mx\/index.php\/wp-json\/wp\/v2\/product\/315","targetHints":{"allow":["GET"]}}],"collection":[{"href":"https:\/\/pandita.mx\/index.php\/wp-json\/wp\/v2\/product"}],"about":[{"href":"https:\/\/pandita.mx\/index.php\/wp-json\/wp\/v2\/types\/product"}],"replies":[{"embeddable":true,"href":"https:\/\/pandita.mx\/index.php\/wp-json\/wp\/v2\/comments?post=315"}],"wp:featuredmedia":[{"embeddable":true,"href":"https:\/\/pandita.mx\/index.php\/wp-json\/wp\/v2\/media\/283"}],"wp:attachment":[{"href":"https:\/\/pandita.mx\/index.php\/wp-json\/wp\/v2\/media?parent=315"}],"wp:term":[{"taxonomy":"product_cat","embeddable":true,"href":"https:\/\/pandita.mx\/index.php\/wp-json\/wp\/v2\/product_cat?post=315"},{"taxonomy":"product_tag","embeddable":true,"href":"https:\/\/pandita.mx\/index.php\/wp-json\/wp\/v2\/product_tag?post=315"}],"curies":[{"name":"wp","href":"https:\/\/api.w.org\/{rel}","templated":true}]}}