{"id":31345,"date":"2025-01-26T17:33:02","date_gmt":"2025-01-26T16:33:02","guid":{"rendered":"https:\/\/pandita.mx\/?post_type=product&#038;p=31345"},"modified":"2025-01-26T17:34:37","modified_gmt":"2025-01-26T16:34:37","slug":"jordan-champs-98","status":"publish","type":"product","link":"https:\/\/pandita.mx\/index.php\/producto\/jordan-champs-98\/","title":{"rendered":"Jordan Champs 98"},"content":{"rendered":"<p>\ud83c\udfc0\ud83d\udd25 En pandita.mx, celebra la grandeza de Michael Jordan con nuestras exclusivas playeras dise\u00f1adas para los verdaderos fans del mejor jugador de la historia del baloncesto. Con dise\u00f1os que destacan su ic\u00f3nico n\u00famero 23, sus momentos legendarios y su incomparable estilo en la duela, estas playeras son ideales para quienes quieren llevar consigo la esencia de una leyenda. \u00a1Luce el legado de MJ con estilo en pandita.mx! \ud83c\udf1f\u26f9\ufe0f\u200d\u2642\ufe0f<\/p>\n","protected":false},"excerpt":{"rendered":"<p>\ud83c\udfc0\ud83d\udd25 En pandita.mx, celebra la grandeza de Michael Jordan con nuestras exclusivas playeras dise\u00f1adas para los verdaderos fans del mejor jugador de la historia del baloncesto. Con dise\u00f1os que destacan su ic\u00f3nico n\u00famero 23, sus momentos legendarios y su incomparable estilo en la duela, estas playeras son ideales para quienes quieren llevar consigo la esencia [&hellip;]<\/p>\n","protected":false},"featured_media":31135,"comment_status":"open","ping_status":"closed","template":"","meta":{"_et_pb_use_builder":"","_et_pb_old_content":"","_et_gb_content_width":""},"product_cat":[188],"product_tag":[],"class_list":{"0":"post-31345","1":"product","2":"type-product","3":"status-publish","4":"has-post-thumbnail","6":"product_cat-nba-jordan","8":"first","9":"instock","10":"shipping-taxable","11":"purchasable","12":"product-type-variable"},"_links":{"self":[{"href":"https:\/\/pandita.mx\/index.php\/wp-json\/wp\/v2\/product\/31345","targetHints":{"allow":["GET"]}}],"collection":[{"href":"https:\/\/pandita.mx\/index.php\/wp-json\/wp\/v2\/product"}],"about":[{"href":"https:\/\/pandita.mx\/index.php\/wp-json\/wp\/v2\/types\/product"}],"replies":[{"embeddable":true,"href":"https:\/\/pandita.mx\/index.php\/wp-json\/wp\/v2\/comments?post=31345"}],"wp:featuredmedia":[{"embeddable":true,"href":"https:\/\/pandita.mx\/index.php\/wp-json\/wp\/v2\/media\/31135"}],"wp:attachment":[{"href":"https:\/\/pandita.mx\/index.php\/wp-json\/wp\/v2\/media?parent=31345"}],"wp:term":[{"taxonomy":"product_cat","embeddable":true,"href":"https:\/\/pandita.mx\/index.php\/wp-json\/wp\/v2\/product_cat?post=31345"},{"taxonomy":"product_tag","embeddable":true,"href":"https:\/\/pandita.mx\/index.php\/wp-json\/wp\/v2\/product_tag?post=31345"}],"curies":[{"name":"wp","href":"https:\/\/api.w.org\/{rel}","templated":true}]}}