{"id":31168,"date":"2025-01-26T16:37:12","date_gmt":"2025-01-26T15:37:12","guid":{"rendered":"https:\/\/pandita.mx\/?post_type=product&#038;p=31168"},"modified":"2025-01-26T16:45:22","modified_gmt":"2025-01-26T15:45:22","slug":"muhhamad-ali","status":"publish","type":"product","link":"https:\/\/pandita.mx\/index.php\/producto\/muhhamad-ali\/","title":{"rendered":"Muhhamad Ali"},"content":{"rendered":"<p>\ud83e\udd4a\ud83c\udf1f En pandita.mx, honra la leyenda del boxeo Muhammad Ali con nuestras exclusivas playeras que capturan su grandeza y esp\u00edritu indomable. Con dise\u00f1os que destacan momentos ic\u00f3nicos de su carrera y su inconfundible frase \u00abFloat like a butterfly, sting like a bee,\u00bb estas playeras son perfectas para los fans del deporte y de un verdadero \u00edcono mundial. \u00a1Lleva contigo la esencia del m\u00e1s grande solo en pandita.mx! \ud83d\udd25\ud83d\udc4a<\/p>\n","protected":false},"excerpt":{"rendered":"<p>\ud83e\udd4a\ud83c\udf1f En pandita.mx, honra la leyenda del boxeo Muhammad Ali con nuestras exclusivas playeras que capturan su grandeza y esp\u00edritu indomable. Con dise\u00f1os que destacan momentos ic\u00f3nicos de su carrera y su inconfundible frase \u00abFloat like a butterfly, sting like a bee,\u00bb estas playeras son perfectas para los fans del deporte y de un verdadero [&hellip;]<\/p>\n","protected":false},"featured_media":31119,"comment_status":"open","ping_status":"closed","template":"","meta":{"_et_pb_use_builder":"","_et_pb_old_content":"","_et_gb_content_width":""},"product_cat":[189],"product_tag":[],"class_list":{"0":"post-31168","1":"product","2":"type-product","3":"status-publish","4":"has-post-thumbnail","6":"product_cat-box","8":"first","9":"instock","10":"shipping-taxable","11":"purchasable","12":"product-type-variable"},"_links":{"self":[{"href":"https:\/\/pandita.mx\/index.php\/wp-json\/wp\/v2\/product\/31168","targetHints":{"allow":["GET"]}}],"collection":[{"href":"https:\/\/pandita.mx\/index.php\/wp-json\/wp\/v2\/product"}],"about":[{"href":"https:\/\/pandita.mx\/index.php\/wp-json\/wp\/v2\/types\/product"}],"replies":[{"embeddable":true,"href":"https:\/\/pandita.mx\/index.php\/wp-json\/wp\/v2\/comments?post=31168"}],"wp:featuredmedia":[{"embeddable":true,"href":"https:\/\/pandita.mx\/index.php\/wp-json\/wp\/v2\/media\/31119"}],"wp:attachment":[{"href":"https:\/\/pandita.mx\/index.php\/wp-json\/wp\/v2\/media?parent=31168"}],"wp:term":[{"taxonomy":"product_cat","embeddable":true,"href":"https:\/\/pandita.mx\/index.php\/wp-json\/wp\/v2\/product_cat?post=31168"},{"taxonomy":"product_tag","embeddable":true,"href":"https:\/\/pandita.mx\/index.php\/wp-json\/wp\/v2\/product_tag?post=31168"}],"curies":[{"name":"wp","href":"https:\/\/api.w.org\/{rel}","templated":true}]}}