{"id":30472,"date":"2025-01-19T06:48:08","date_gmt":"2025-01-19T05:48:08","guid":{"rendered":"https:\/\/pandita.mx\/?post_type=product&#038;p=30472"},"modified":"2025-01-19T06:48:48","modified_gmt":"2025-01-19T05:48:48","slug":"bobby-hashlney-stronger","status":"publish","type":"product","link":"https:\/\/pandita.mx\/index.php\/producto\/bobby-hashlney-stronger\/","title":{"rendered":"Bobby Hashl\u00f1ey Stronger"},"content":{"rendered":"<p>\ud83e\udd3c\u200d\u2642\ufe0f\ud83c\udf1f En pandita.mx, celebra la \u00e9poca dorada de la WWE con nuestras playeras inspiradas en los luchadores m\u00e1s legendarios de los 90s, como Hulk Hogan, Shawn Michaels, Bret \u00abHitman\u00bb Hart, The Undertaker, \u00abStone Cold\u00bb Steve Austin, Razor Ramon, The Rock y Triple H. Con dise\u00f1os que capturan el esp\u00edritu de esa \u00e9poca inolvidable, estas playeras son perfectas para los fans que vivieron la era m\u00e1s emocionante de la lucha libre. \u00a1Lleva la nostalgia y el poder del ring de los 90s con estilo en pandita.mx! \ud83c\udfad\ud83d\udc4a<\/p>\n","protected":false},"excerpt":{"rendered":"<p>\ud83e\udd3c\u200d\u2642\ufe0f\ud83c\udf1f En pandita.mx, celebra la \u00e9poca dorada de la WWE con nuestras playeras inspiradas en los luchadores m\u00e1s legendarios de los 90s, como Hulk Hogan, Shawn Michaels, Bret \u00abHitman\u00bb Hart, The Undertaker, \u00abStone Cold\u00bb Steve Austin, Razor Ramon, The Rock y Triple H. Con dise\u00f1os que capturan el esp\u00edritu de esa \u00e9poca inolvidable, estas playeras [&hellip;]<\/p>\n","protected":false},"featured_media":29926,"comment_status":"open","ping_status":"closed","template":"","meta":{"_et_pb_use_builder":"","_et_pb_old_content":"","_et_gb_content_width":""},"product_cat":[187],"product_tag":[],"class_list":{"0":"post-30472","1":"product","2":"type-product","3":"status-publish","4":"has-post-thumbnail","6":"product_cat-wwe","8":"first","9":"instock","10":"shipping-taxable","11":"purchasable","12":"product-type-variable"},"_links":{"self":[{"href":"https:\/\/pandita.mx\/index.php\/wp-json\/wp\/v2\/product\/30472","targetHints":{"allow":["GET"]}}],"collection":[{"href":"https:\/\/pandita.mx\/index.php\/wp-json\/wp\/v2\/product"}],"about":[{"href":"https:\/\/pandita.mx\/index.php\/wp-json\/wp\/v2\/types\/product"}],"replies":[{"embeddable":true,"href":"https:\/\/pandita.mx\/index.php\/wp-json\/wp\/v2\/comments?post=30472"}],"wp:featuredmedia":[{"embeddable":true,"href":"https:\/\/pandita.mx\/index.php\/wp-json\/wp\/v2\/media\/29926"}],"wp:attachment":[{"href":"https:\/\/pandita.mx\/index.php\/wp-json\/wp\/v2\/media?parent=30472"}],"wp:term":[{"taxonomy":"product_cat","embeddable":true,"href":"https:\/\/pandita.mx\/index.php\/wp-json\/wp\/v2\/product_cat?post=30472"},{"taxonomy":"product_tag","embeddable":true,"href":"https:\/\/pandita.mx\/index.php\/wp-json\/wp\/v2\/product_tag?post=30472"}],"curies":[{"name":"wp","href":"https:\/\/api.w.org\/{rel}","templated":true}]}}