{"id":30237,"date":"2025-01-19T06:29:51","date_gmt":"2025-01-19T05:29:51","guid":{"rendered":"https:\/\/pandita.mx\/?post_type=product&#038;p=30237"},"modified":"2025-02-08T04:18:39","modified_gmt":"2025-02-08T03:18:39","slug":"el-santo-mil-mascaras-y-blue-damon-vs-las-momias-de-guanajuato","status":"publish","type":"product","link":"https:\/\/pandita.mx\/index.php\/producto\/el-santo-mil-mascaras-y-blue-damon-vs-las-momias-de-guanajuato\/","title":{"rendered":"La leyenda de Plata Mil Mascaras y Blue Demon vs las momias de Guanajuato"},"content":{"rendered":"<p>\ud83e\udd3c\u200d\u2642\ufe0f\ud83c\udfad En pandita.mx, celebra la grandeza de la lucha libre mexicana con nuestras incre\u00edbles playeras de luchadores legendarios como \ud83c\udfad Octag\u00f3n, Fuerza Guerrera, Mil M\u00e1scaras, Atlantis, Cien Caras, Blue Demon, La Puerquiza Extrema, Pentagon, Pagano, Psycho Clown, El Hijo del Santo, S\u00faper Mu\u00f1eco y S\u00faper Pinocho. Con dise\u00f1os llenos de m\u00e1scaras ic\u00f3nicas y el esp\u00edritu del ring, estas playeras son perfectas para los verdaderos fans del deporte m\u00e1s emocionante de M\u00e9xico. \u00a1Lleva contigo la tradici\u00f3n y el estilo aut\u00e9ntico de la lucha libre en pandita.mx! \ud83c\udf1f\ud83d\udc4a\ud83c\udfad<\/p>\n<p>Arriba los Rudos<\/p>\n","protected":false},"excerpt":{"rendered":"<p>\ud83e\udd3c\u200d\u2642\ufe0f\ud83c\udfad En pandita.mx, celebra la grandeza de la lucha libre mexicana con nuestras incre\u00edbles playeras de luchadores legendarios como \ud83c\udfad Octag\u00f3n, Fuerza Guerrera, Mil M\u00e1scaras, Atlantis, Cien Caras, Blue Demon, La Puerquiza Extrema, Pentagon, Pagano, Psycho Clown, El Hijo del Santo, S\u00faper Mu\u00f1eco y S\u00faper Pinocho. Con dise\u00f1os llenos de m\u00e1scaras ic\u00f3nicas y el esp\u00edritu [&hellip;]<\/p>\n","protected":false},"featured_media":29898,"comment_status":"open","ping_status":"closed","template":"","meta":{"_et_pb_use_builder":"","_et_pb_old_content":"","_et_gb_content_width":""},"product_cat":[200,184],"product_tag":[],"class_list":{"0":"post-30237","1":"product","2":"type-product","3":"status-publish","4":"has-post-thumbnail","6":"product_cat-00_destacadodeportes","7":"product_cat-lucha-libre","9":"first","10":"instock","11":"shipping-taxable","12":"purchasable","13":"product-type-variable"},"_links":{"self":[{"href":"https:\/\/pandita.mx\/index.php\/wp-json\/wp\/v2\/product\/30237","targetHints":{"allow":["GET"]}}],"collection":[{"href":"https:\/\/pandita.mx\/index.php\/wp-json\/wp\/v2\/product"}],"about":[{"href":"https:\/\/pandita.mx\/index.php\/wp-json\/wp\/v2\/types\/product"}],"replies":[{"embeddable":true,"href":"https:\/\/pandita.mx\/index.php\/wp-json\/wp\/v2\/comments?post=30237"}],"wp:featuredmedia":[{"embeddable":true,"href":"https:\/\/pandita.mx\/index.php\/wp-json\/wp\/v2\/media\/29898"}],"wp:attachment":[{"href":"https:\/\/pandita.mx\/index.php\/wp-json\/wp\/v2\/media?parent=30237"}],"wp:term":[{"taxonomy":"product_cat","embeddable":true,"href":"https:\/\/pandita.mx\/index.php\/wp-json\/wp\/v2\/product_cat?post=30237"},{"taxonomy":"product_tag","embeddable":true,"href":"https:\/\/pandita.mx\/index.php\/wp-json\/wp\/v2\/product_tag?post=30237"}],"curies":[{"name":"wp","href":"https:\/\/api.w.org\/{rel}","templated":true}]}}