{"id":30213,"date":"2025-01-19T06:29:14","date_gmt":"2025-01-19T05:29:14","guid":{"rendered":"https:\/\/pandita.mx\/?post_type=product&#038;p=30213"},"modified":"2025-01-19T06:30:01","modified_gmt":"2025-01-19T05:30:01","slug":"pentagon-comic","status":"publish","type":"product","link":"https:\/\/pandita.mx\/index.php\/producto\/pentagon-comic\/","title":{"rendered":"Pentagon Comic"},"content":{"rendered":"<p>\ud83e\udd3c\u200d\u2642\ufe0f\ud83c\udfad En pandita.mx, rinde homenaje al ic\u00f3nico luchador Pentagon con nuestras exclusivas playeras dise\u00f1adas para los verdaderos fans de la lucha libre. Con su m\u00e1scara legendaria y un estilo que impone respeto en el ring, estas playeras capturan la esencia de este gran luchador. \u00a1Lleva contigo la energ\u00eda y la tradici\u00f3n de Pentagon y luce un look aut\u00e9ntico de lucha libre en pandita.mx! \ud83c\udf1f\ud83d\udc4a\ud83c\udfad<\/p>\n","protected":false},"excerpt":{"rendered":"<p>\ud83e\udd3c\u200d\u2642\ufe0f\ud83c\udfad En pandita.mx, rinde homenaje al ic\u00f3nico luchador Pentagon con nuestras exclusivas playeras dise\u00f1adas para los verdaderos fans de la lucha libre. Con su m\u00e1scara legendaria y un estilo que impone respeto en el ring, estas playeras capturan la esencia de este gran luchador. \u00a1Lleva contigo la energ\u00eda y la tradici\u00f3n de Pentagon y luce [&hellip;]<\/p>\n","protected":false},"featured_media":29889,"comment_status":"open","ping_status":"closed","template":"","meta":{"_et_pb_use_builder":"","_et_pb_old_content":"","_et_gb_content_width":""},"product_cat":[186],"product_tag":[],"class_list":{"0":"post-30213","1":"product","2":"type-product","3":"status-publish","4":"has-post-thumbnail","6":"product_cat-pentagon","8":"first","9":"instock","10":"shipping-taxable","11":"purchasable","12":"product-type-variable"},"_links":{"self":[{"href":"https:\/\/pandita.mx\/index.php\/wp-json\/wp\/v2\/product\/30213","targetHints":{"allow":["GET"]}}],"collection":[{"href":"https:\/\/pandita.mx\/index.php\/wp-json\/wp\/v2\/product"}],"about":[{"href":"https:\/\/pandita.mx\/index.php\/wp-json\/wp\/v2\/types\/product"}],"replies":[{"embeddable":true,"href":"https:\/\/pandita.mx\/index.php\/wp-json\/wp\/v2\/comments?post=30213"}],"wp:featuredmedia":[{"embeddable":true,"href":"https:\/\/pandita.mx\/index.php\/wp-json\/wp\/v2\/media\/29889"}],"wp:attachment":[{"href":"https:\/\/pandita.mx\/index.php\/wp-json\/wp\/v2\/media?parent=30213"}],"wp:term":[{"taxonomy":"product_cat","embeddable":true,"href":"https:\/\/pandita.mx\/index.php\/wp-json\/wp\/v2\/product_cat?post=30213"},{"taxonomy":"product_tag","embeddable":true,"href":"https:\/\/pandita.mx\/index.php\/wp-json\/wp\/v2\/product_tag?post=30213"}],"curies":[{"name":"wp","href":"https:\/\/api.w.org\/{rel}","templated":true}]}}