{"id":299,"date":"2024-01-08T20:53:24","date_gmt":"2024-01-08T19:53:24","guid":{"rendered":"https:\/\/pandita.mx\/?post_type=product&#038;p=299"},"modified":"2024-01-14T17:07:51","modified_gmt":"2024-01-14T16:07:51","slug":"commanders","status":"publish","type":"product","link":"https:\/\/pandita.mx\/index.php\/producto\/commanders\/","title":{"rendered":"Washington Commanders"},"content":{"rendered":"<p>Playera de los Commanders una tradici\u00f3n de la NFL. En la l\u00ednea de frente con valent\u00eda, lideramos la batalla en el campo. Con disciplina y determinaci\u00f3n, marchamos hacia la victoria. \u00a1Somos la fuerza de la capital, somos Commanders con un solo prop\u00f3sito: ganar!<\/p>\n","protected":false},"excerpt":{"rendered":"<p>Playera de los Commanders una tradici\u00f3n de la NFL. En la l\u00ednea de frente con valent\u00eda, lideramos la batalla en el campo. Con disciplina y determinaci\u00f3n, marchamos hacia la victoria. \u00a1Somos la fuerza de la capital, somos Commanders con un solo prop\u00f3sito: ganar!<\/p>\n","protected":false},"featured_media":266,"comment_status":"open","ping_status":"closed","template":"","meta":{"_et_pb_use_builder":"","_et_pb_old_content":"","_et_gb_content_width":""},"product_cat":[24],"product_tag":[],"class_list":{"0":"post-299","1":"product","2":"type-product","3":"status-publish","4":"has-post-thumbnail","6":"product_cat-nfl","8":"first","9":"instock","10":"shipping-taxable","11":"purchasable","12":"product-type-simple"},"_links":{"self":[{"href":"https:\/\/pandita.mx\/index.php\/wp-json\/wp\/v2\/product\/299","targetHints":{"allow":["GET"]}}],"collection":[{"href":"https:\/\/pandita.mx\/index.php\/wp-json\/wp\/v2\/product"}],"about":[{"href":"https:\/\/pandita.mx\/index.php\/wp-json\/wp\/v2\/types\/product"}],"replies":[{"embeddable":true,"href":"https:\/\/pandita.mx\/index.php\/wp-json\/wp\/v2\/comments?post=299"}],"wp:featuredmedia":[{"embeddable":true,"href":"https:\/\/pandita.mx\/index.php\/wp-json\/wp\/v2\/media\/266"}],"wp:attachment":[{"href":"https:\/\/pandita.mx\/index.php\/wp-json\/wp\/v2\/media?parent=299"}],"wp:term":[{"taxonomy":"product_cat","embeddable":true,"href":"https:\/\/pandita.mx\/index.php\/wp-json\/wp\/v2\/product_cat?post=299"},{"taxonomy":"product_tag","embeddable":true,"href":"https:\/\/pandita.mx\/index.php\/wp-json\/wp\/v2\/product_tag?post=299"}],"curies":[{"name":"wp","href":"https:\/\/api.w.org\/{rel}","templated":true}]}}