{"id":23906,"date":"2025-01-11T01:58:58","date_gmt":"2025-01-11T00:58:58","guid":{"rendered":"https:\/\/pandita.mx\/?post_type=product&#038;p=23906"},"modified":"2025-01-11T01:59:46","modified_gmt":"2025-01-11T00:59:46","slug":"nfl-heart-jets","status":"publish","type":"product","link":"https:\/\/pandita.mx\/index.php\/producto\/nfl-heart-jets\/","title":{"rendered":"NFL Heart Jets"},"content":{"rendered":"<p>En Pandita.mx te ofrecemos una din\u00e1mica colecci\u00f3n de playeras inspiradas en la pasi\u00f3n y la adrenalina de la NFL \ud83c\udfc8\ud83d\udd25. Dise\u00f1os exclusivos que celebran a los equipos m\u00e1s ic\u00f3nicos como los Dallas Cowboys, San Francisco 49ers, Green Bay Packers, Kansas City Chiefs y Pittsburgh Steelers. Con frases \u00e9picas como &#8216;El juego se gana en cada yarda&#8217; y &#8216;Donde el esfuerzo se convierte en gloria&#8217;, nuestras playeras est\u00e1n confeccionadas con materiales de alta calidad para capturar la energ\u00eda y el esp\u00edritu del mejor f\u00fatbol americano. Viste tu amor por la NFL con estilo \u00fanico, solo en Pandita.mx. \ud83c\udf1f\ud83c\udfdf\ufe0f #NFLFans #FootballStyle #PlayerasExclusivas<\/p>\n","protected":false},"excerpt":{"rendered":"<p>En Pandita.mx te ofrecemos una din\u00e1mica colecci\u00f3n de playeras inspiradas en la pasi\u00f3n y la adrenalina de la NFL \ud83c\udfc8\ud83d\udd25. Dise\u00f1os exclusivos que celebran a los equipos m\u00e1s ic\u00f3nicos como los Dallas Cowboys, San Francisco 49ers, Green Bay Packers, Kansas City Chiefs y Pittsburgh Steelers. Con frases \u00e9picas como &#8216;El juego se gana en cada [&hellip;]<\/p>\n","protected":false},"featured_media":23862,"comment_status":"open","ping_status":"closed","template":"","meta":{"_et_pb_use_builder":"","_et_pb_old_content":"","_et_gb_content_width":""},"product_cat":[157],"product_tag":[],"class_list":{"0":"post-23906","1":"product","2":"type-product","3":"status-publish","4":"has-post-thumbnail","6":"product_cat-nfl-heart","7":"pa_color-negro","9":"first","10":"instock","11":"shipping-taxable","12":"purchasable","13":"product-type-variable"},"_links":{"self":[{"href":"https:\/\/pandita.mx\/index.php\/wp-json\/wp\/v2\/product\/23906","targetHints":{"allow":["GET"]}}],"collection":[{"href":"https:\/\/pandita.mx\/index.php\/wp-json\/wp\/v2\/product"}],"about":[{"href":"https:\/\/pandita.mx\/index.php\/wp-json\/wp\/v2\/types\/product"}],"replies":[{"embeddable":true,"href":"https:\/\/pandita.mx\/index.php\/wp-json\/wp\/v2\/comments?post=23906"}],"wp:featuredmedia":[{"embeddable":true,"href":"https:\/\/pandita.mx\/index.php\/wp-json\/wp\/v2\/media\/23862"}],"wp:attachment":[{"href":"https:\/\/pandita.mx\/index.php\/wp-json\/wp\/v2\/media?parent=23906"}],"wp:term":[{"taxonomy":"product_cat","embeddable":true,"href":"https:\/\/pandita.mx\/index.php\/wp-json\/wp\/v2\/product_cat?post=23906"},{"taxonomy":"product_tag","embeddable":true,"href":"https:\/\/pandita.mx\/index.php\/wp-json\/wp\/v2\/product_tag?post=23906"}],"curies":[{"name":"wp","href":"https:\/\/api.w.org\/{rel}","templated":true}]}}