{"id":23428,"date":"2025-01-11T01:39:13","date_gmt":"2025-01-11T00:39:13","guid":{"rendered":"https:\/\/pandita.mx\/?post_type=product&#038;p=23428"},"modified":"2025-01-11T01:42:01","modified_gmt":"2025-01-11T00:42:01","slug":"bundle-chiefs","status":"publish","type":"product","link":"https:\/\/pandita.mx\/index.php\/producto\/bundle-chiefs\/","title":{"rendered":"Bundle Chiefs"},"content":{"rendered":"<p>En Pandita.mx te ofrecemos una din\u00e1mica colecci\u00f3n de playeras inspiradas en la pasi\u00f3n y la adrenalina de la NFL \ud83c\udfc8\ud83d\udd25. Dise\u00f1os exclusivos que rinden homenaje a los equipos m\u00e1s ic\u00f3nicos, los jugadores legendarios y las jugadas que marcaron historia, con frases como &#8216;El juego se gana en cada yarda&#8217; y &#8216;Donde el esfuerzo se convierte en gloria&#8217;. Confeccionadas con materiales de alta calidad, nuestras playeras capturan la energ\u00eda y la emoci\u00f3n del mejor f\u00fatbol americano. Viste tu amor por la NFL con estilo \u00fanico, solo en Pandita.mx. \ud83c\udf1f\ud83c\udfdf\ufe0f #NFLFans #FootballStyle #PlayerasExclusivas<\/p>\n","protected":false},"excerpt":{"rendered":"<p>En Pandita.mx te ofrecemos una din\u00e1mica colecci\u00f3n de playeras inspiradas en la pasi\u00f3n y la adrenalina de la NFL \ud83c\udfc8\ud83d\udd25. Dise\u00f1os exclusivos que rinden homenaje a los equipos m\u00e1s ic\u00f3nicos, los jugadores legendarios y las jugadas que marcaron historia, con frases como &#8216;El juego se gana en cada yarda&#8217; y &#8216;Donde el esfuerzo se convierte [&hellip;]<\/p>\n","protected":false},"featured_media":23355,"comment_status":"closed","ping_status":"closed","template":"","meta":{"_et_pb_use_builder":"","_et_pb_old_content":"","_et_gb_content_width":""},"product_cat":[155],"product_tag":[],"class_list":{"0":"post-23428","1":"product","2":"type-product","3":"status-publish","4":"has-post-thumbnail","6":"product_cat-nfl-bundle","7":"pa_color-blanco","8":"pa_color-negro","10":"first","11":"instock","12":"shipping-taxable","13":"purchasable","14":"product-type-variable"},"_links":{"self":[{"href":"https:\/\/pandita.mx\/index.php\/wp-json\/wp\/v2\/product\/23428","targetHints":{"allow":["GET"]}}],"collection":[{"href":"https:\/\/pandita.mx\/index.php\/wp-json\/wp\/v2\/product"}],"about":[{"href":"https:\/\/pandita.mx\/index.php\/wp-json\/wp\/v2\/types\/product"}],"replies":[{"embeddable":true,"href":"https:\/\/pandita.mx\/index.php\/wp-json\/wp\/v2\/comments?post=23428"}],"wp:featuredmedia":[{"embeddable":true,"href":"https:\/\/pandita.mx\/index.php\/wp-json\/wp\/v2\/media\/23355"}],"wp:attachment":[{"href":"https:\/\/pandita.mx\/index.php\/wp-json\/wp\/v2\/media?parent=23428"}],"wp:term":[{"taxonomy":"product_cat","embeddable":true,"href":"https:\/\/pandita.mx\/index.php\/wp-json\/wp\/v2\/product_cat?post=23428"},{"taxonomy":"product_tag","embeddable":true,"href":"https:\/\/pandita.mx\/index.php\/wp-json\/wp\/v2\/product_tag?post=23428"}],"curies":[{"name":"wp","href":"https:\/\/api.w.org\/{rel}","templated":true}]}}