{"id":23300,"date":"2024-11-20T04:39:20","date_gmt":"2024-11-20T03:39:20","guid":{"rendered":"https:\/\/pandita.mx\/?post_type=product&#038;p=23300"},"modified":"2024-11-20T04:41:22","modified_gmt":"2024-11-20T03:41:22","slug":"xmas-rugrats","status":"publish","type":"product","link":"https:\/\/pandita.mx\/index.php\/producto\/xmas-rugrats\/","title":{"rendered":"Xmas Rugrats"},"content":{"rendered":"<p>En pandita.mx, revive la nostalgia con nuestras divertidas playeras navide\u00f1as de los Rugrats. Con dise\u00f1os llenos de esp\u00edritu festivo y detalles \u00fanicos, estas playeras son ideales para los fans de Tommy, Carlitos y Angelica que quieren celebrar la Navidad con estilo y un toque retro. \u00a1Descubre tu dise\u00f1o favorito y lleva a los Rugrats a tus fiestas navide\u00f1as solo en pandita.mx<\/p>\n","protected":false},"excerpt":{"rendered":"<p>En pandita.mx, revive la nostalgia con nuestras divertidas playeras navide\u00f1as de los Rugrats. Con dise\u00f1os llenos de esp\u00edritu festivo y detalles \u00fanicos, estas playeras son ideales para los fans de Tommy, Carlitos y Angelica que quieren celebrar la Navidad con estilo y un toque retro. \u00a1Descubre tu dise\u00f1o favorito y lleva a los Rugrats a [&hellip;]<\/p>\n","protected":false},"featured_media":23262,"comment_status":"open","ping_status":"closed","template":"","meta":{"_et_pb_use_builder":"","_et_pb_old_content":"","_et_gb_content_width":""},"product_cat":[145],"product_tag":[],"class_list":{"0":"post-23300","1":"product","2":"type-product","3":"status-publish","4":"has-post-thumbnail","6":"product_cat-12_02-xmas","7":"pa_color-negro","9":"first","10":"instock","11":"shipping-taxable","12":"purchasable","13":"product-type-variable"},"_links":{"self":[{"href":"https:\/\/pandita.mx\/index.php\/wp-json\/wp\/v2\/product\/23300","targetHints":{"allow":["GET"]}}],"collection":[{"href":"https:\/\/pandita.mx\/index.php\/wp-json\/wp\/v2\/product"}],"about":[{"href":"https:\/\/pandita.mx\/index.php\/wp-json\/wp\/v2\/types\/product"}],"replies":[{"embeddable":true,"href":"https:\/\/pandita.mx\/index.php\/wp-json\/wp\/v2\/comments?post=23300"}],"wp:featuredmedia":[{"embeddable":true,"href":"https:\/\/pandita.mx\/index.php\/wp-json\/wp\/v2\/media\/23262"}],"wp:attachment":[{"href":"https:\/\/pandita.mx\/index.php\/wp-json\/wp\/v2\/media?parent=23300"}],"wp:term":[{"taxonomy":"product_cat","embeddable":true,"href":"https:\/\/pandita.mx\/index.php\/wp-json\/wp\/v2\/product_cat?post=23300"},{"taxonomy":"product_tag","embeddable":true,"href":"https:\/\/pandita.mx\/index.php\/wp-json\/wp\/v2\/product_tag?post=23300"}],"curies":[{"name":"wp","href":"https:\/\/api.w.org\/{rel}","templated":true}]}}