{"id":23264,"date":"2024-11-20T04:37:16","date_gmt":"2024-11-20T03:37:16","guid":{"rendered":"https:\/\/pandita.mx\/?post_type=product&#038;p=23264"},"modified":"2024-11-20T04:38:33","modified_gmt":"2024-11-20T03:38:33","slug":"xmas-mario-bross","status":"publish","type":"product","link":"https:\/\/pandita.mx\/index.php\/producto\/xmas-mario-bross\/","title":{"rendered":"Xmas Mario Bross"},"content":{"rendered":"<p>\u00abEn pandita.mx, encuentra las playeras navide\u00f1as m\u00e1s divertidas de Mario, el ic\u00f3nico personaje de videojuegos. Con dise\u00f1os llenos de elementos festivos como gorros de Santa y luces navide\u00f1as, estas playeras son ideales para fans de Mario que buscan celebrar la Navidad con estilo y nostalgia. \u00a1Descubre tu dise\u00f1o favorito y lleva la magia de Mario a tus fiestas navide\u00f1as solo en pandita.mx<\/p>\n","protected":false},"excerpt":{"rendered":"<p>\u00abEn pandita.mx, encuentra las playeras navide\u00f1as m\u00e1s divertidas de Mario, el ic\u00f3nico personaje de videojuegos. Con dise\u00f1os llenos de elementos festivos como gorros de Santa y luces navide\u00f1as, estas playeras son ideales para fans de Mario que buscan celebrar la Navidad con estilo y nostalgia. \u00a1Descubre tu dise\u00f1o favorito y lleva la magia de Mario [&hellip;]<\/p>\n","protected":false},"featured_media":23260,"comment_status":"closed","ping_status":"closed","template":"","meta":{"_et_pb_use_builder":"","_et_pb_old_content":"","_et_gb_content_width":""},"product_cat":[145],"product_tag":[],"class_list":{"0":"post-23264","1":"product","2":"type-product","3":"status-publish","4":"has-post-thumbnail","6":"product_cat-12_02-xmas","7":"pa_color-blanco","8":"pa_color-negro","10":"first","11":"instock","12":"shipping-taxable","13":"purchasable","14":"product-type-variable"},"_links":{"self":[{"href":"https:\/\/pandita.mx\/index.php\/wp-json\/wp\/v2\/product\/23264","targetHints":{"allow":["GET"]}}],"collection":[{"href":"https:\/\/pandita.mx\/index.php\/wp-json\/wp\/v2\/product"}],"about":[{"href":"https:\/\/pandita.mx\/index.php\/wp-json\/wp\/v2\/types\/product"}],"replies":[{"embeddable":true,"href":"https:\/\/pandita.mx\/index.php\/wp-json\/wp\/v2\/comments?post=23264"}],"wp:featuredmedia":[{"embeddable":true,"href":"https:\/\/pandita.mx\/index.php\/wp-json\/wp\/v2\/media\/23260"}],"wp:attachment":[{"href":"https:\/\/pandita.mx\/index.php\/wp-json\/wp\/v2\/media?parent=23264"}],"wp:term":[{"taxonomy":"product_cat","embeddable":true,"href":"https:\/\/pandita.mx\/index.php\/wp-json\/wp\/v2\/product_cat?post=23264"},{"taxonomy":"product_tag","embeddable":true,"href":"https:\/\/pandita.mx\/index.php\/wp-json\/wp\/v2\/product_tag?post=23264"}],"curies":[{"name":"wp","href":"https:\/\/api.w.org\/{rel}","templated":true}]}}