{"id":23145,"date":"2024-11-19T06:36:07","date_gmt":"2024-11-19T05:36:07","guid":{"rendered":"https:\/\/pandita.mx\/?post_type=product&#038;p=23145"},"modified":"2024-11-19T06:41:56","modified_gmt":"2024-11-19T05:41:56","slug":"ugly-darth-vader-snow","status":"publish","type":"product","link":"https:\/\/pandita.mx\/index.php\/producto\/ugly-darth-vader-snow\/","title":{"rendered":"Ugly Darth Vader Snow"},"content":{"rendered":"<p>En pandita.mx, encuentra las playeras estilo &#8216;ugly&#8217; de Navidad m\u00e1s divertidas y originales para esta temporada. Con dise\u00f1os llamativos, coloridos y llenos de humor festivo, nuestras playeras son perfectas para destacar en tus reuniones navide\u00f1as o como el regalo ideal. \u00a1Celebra la Navidad con estilo y un toque de humor \u00fanico! Descubre tu playera &#8216;ugly&#8217; favorita en pandita.mx y s\u00e9 el centro de atenci\u00f3n estas fiestas.<\/p>\n","protected":false},"excerpt":{"rendered":"<p>En pandita.mx, encuentra las playeras estilo &#8216;ugly&#8217; de Navidad m\u00e1s divertidas y originales para esta temporada. Con dise\u00f1os llamativos, coloridos y llenos de humor festivo, nuestras playeras son perfectas para destacar en tus reuniones navide\u00f1as o como el regalo ideal. \u00a1Celebra la Navidad con estilo y un toque de humor \u00fanico! Descubre tu playera &#8216;ugly&#8217; [&hellip;]<\/p>\n","protected":false},"featured_media":22167,"comment_status":"open","ping_status":"closed","template":"","meta":{"_et_pb_use_builder":"","_et_pb_old_content":"","_et_gb_content_width":""},"product_cat":[154],"product_tag":[],"class_list":{"0":"post-23145","1":"product","2":"type-product","3":"status-publish","4":"has-post-thumbnail","6":"product_cat-12_11-ugly","7":"pa_color-negro","9":"first","10":"instock","11":"shipping-taxable","12":"purchasable","13":"product-type-variable"},"_links":{"self":[{"href":"https:\/\/pandita.mx\/index.php\/wp-json\/wp\/v2\/product\/23145","targetHints":{"allow":["GET"]}}],"collection":[{"href":"https:\/\/pandita.mx\/index.php\/wp-json\/wp\/v2\/product"}],"about":[{"href":"https:\/\/pandita.mx\/index.php\/wp-json\/wp\/v2\/types\/product"}],"replies":[{"embeddable":true,"href":"https:\/\/pandita.mx\/index.php\/wp-json\/wp\/v2\/comments?post=23145"}],"wp:featuredmedia":[{"embeddable":true,"href":"https:\/\/pandita.mx\/index.php\/wp-json\/wp\/v2\/media\/22167"}],"wp:attachment":[{"href":"https:\/\/pandita.mx\/index.php\/wp-json\/wp\/v2\/media?parent=23145"}],"wp:term":[{"taxonomy":"product_cat","embeddable":true,"href":"https:\/\/pandita.mx\/index.php\/wp-json\/wp\/v2\/product_cat?post=23145"},{"taxonomy":"product_tag","embeddable":true,"href":"https:\/\/pandita.mx\/index.php\/wp-json\/wp\/v2\/product_tag?post=23145"}],"curies":[{"name":"wp","href":"https:\/\/api.w.org\/{rel}","templated":true}]}}