{"id":21913,"date":"2024-11-16T02:42:15","date_gmt":"2024-11-16T01:42:15","guid":{"rendered":"https:\/\/pandita.mx\/?post_type=product&#038;p=21913"},"modified":"2024-11-16T02:45:26","modified_gmt":"2024-11-16T01:45:26","slug":"thug-xmas","status":"publish","type":"product","link":"https:\/\/pandita.mx\/index.php\/producto\/thug-xmas\/","title":{"rendered":"Thug Xmas"},"content":{"rendered":"<p>En pandita.mx, dale un giro \u00fanico a la temporada con nuestras playeras navide\u00f1as de personajes como Santa Claus, renos y el Grinch en estilo Thug Life. Con dise\u00f1os llenos de actitud y un toque urbano, estas playeras son perfectas para destacar en las fiestas con un look diferente y divertido. \u00a1Celebra la Navidad con estilo y encuentra tu playera favorita en pandita.mx!<\/p>\n","protected":false},"excerpt":{"rendered":"<p>En pandita.mx, dale un giro \u00fanico a la temporada con nuestras playeras navide\u00f1as de personajes como Santa Claus, renos y el Grinch en estilo Thug Life. Con dise\u00f1os llenos de actitud y un toque urbano, estas playeras son perfectas para destacar en las fiestas con un look diferente y divertido. \u00a1Celebra la Navidad con estilo [&hellip;]<\/p>\n","protected":false},"featured_media":21904,"comment_status":"closed","ping_status":"closed","template":"","meta":{"_et_pb_use_builder":"","_et_pb_old_content":"","_et_gb_content_width":""},"product_cat":[153],"product_tag":[],"class_list":{"0":"post-21913","1":"product","2":"type-product","3":"status-publish","4":"has-post-thumbnail","6":"product_cat-12_10-thug-life","7":"pa_color-blanco","8":"pa_color-negro","10":"first","11":"instock","12":"shipping-taxable","13":"purchasable","14":"product-type-variable"},"_links":{"self":[{"href":"https:\/\/pandita.mx\/index.php\/wp-json\/wp\/v2\/product\/21913","targetHints":{"allow":["GET"]}}],"collection":[{"href":"https:\/\/pandita.mx\/index.php\/wp-json\/wp\/v2\/product"}],"about":[{"href":"https:\/\/pandita.mx\/index.php\/wp-json\/wp\/v2\/types\/product"}],"replies":[{"embeddable":true,"href":"https:\/\/pandita.mx\/index.php\/wp-json\/wp\/v2\/comments?post=21913"}],"wp:featuredmedia":[{"embeddable":true,"href":"https:\/\/pandita.mx\/index.php\/wp-json\/wp\/v2\/media\/21904"}],"wp:attachment":[{"href":"https:\/\/pandita.mx\/index.php\/wp-json\/wp\/v2\/media?parent=21913"}],"wp:term":[{"taxonomy":"product_cat","embeddable":true,"href":"https:\/\/pandita.mx\/index.php\/wp-json\/wp\/v2\/product_cat?post=21913"},{"taxonomy":"product_tag","embeddable":true,"href":"https:\/\/pandita.mx\/index.php\/wp-json\/wp\/v2\/product_tag?post=21913"}],"curies":[{"name":"wp","href":"https:\/\/api.w.org\/{rel}","templated":true}]}}