{"id":20535,"date":"2024-11-15T02:56:15","date_gmt":"2024-11-15T01:56:15","guid":{"rendered":"https:\/\/pandita.mx\/?post_type=product&#038;p=20535"},"modified":"2024-11-15T02:59:11","modified_gmt":"2024-11-15T01:59:11","slug":"flork-ayudante","status":"publish","type":"product","link":"https:\/\/pandita.mx\/index.php\/producto\/flork-ayudante\/","title":{"rendered":"Flork Ayudante"},"content":{"rendered":"<p>En pandita.mx, encuentra las divertidas playeras navide\u00f1as de Flork, perfectas para quienes buscan un estilo \u00fanico y lleno de humor esta temporada. Con frases graciosas y un dise\u00f1o especial de Navidad, estas playeras son ideales para regalar o para destacar en tus reuniones festivas. \u00a1Lleva el esp\u00edritu navide\u00f1o de una manera divertida con nuestras exclusivas playeras de Flork en pandita.mx!<\/p>\n","protected":false},"excerpt":{"rendered":"<p>En pandita.mx, encuentra las divertidas playeras navide\u00f1as de Flork, perfectas para quienes buscan un estilo \u00fanico y lleno de humor esta temporada. Con frases graciosas y un dise\u00f1o especial de Navidad, estas playeras son ideales para regalar o para destacar en tus reuniones festivas. \u00a1Lleva el esp\u00edritu navide\u00f1o de una manera divertida con nuestras exclusivas [&hellip;]<\/p>\n","protected":false},"featured_media":20483,"comment_status":"open","ping_status":"closed","template":"","meta":{"_et_pb_use_builder":"","_et_pb_old_content":"","_et_gb_content_width":""},"product_cat":[149],"product_tag":[],"class_list":{"0":"post-20535","1":"product","2":"type-product","3":"status-publish","4":"has-post-thumbnail","6":"product_cat-12_06-flork","7":"pa_color-blanco","8":"pa_color-negro","10":"first","11":"instock","12":"shipping-taxable","13":"purchasable","14":"product-type-variable"},"_links":{"self":[{"href":"https:\/\/pandita.mx\/index.php\/wp-json\/wp\/v2\/product\/20535","targetHints":{"allow":["GET"]}}],"collection":[{"href":"https:\/\/pandita.mx\/index.php\/wp-json\/wp\/v2\/product"}],"about":[{"href":"https:\/\/pandita.mx\/index.php\/wp-json\/wp\/v2\/types\/product"}],"replies":[{"embeddable":true,"href":"https:\/\/pandita.mx\/index.php\/wp-json\/wp\/v2\/comments?post=20535"}],"wp:featuredmedia":[{"embeddable":true,"href":"https:\/\/pandita.mx\/index.php\/wp-json\/wp\/v2\/media\/20483"}],"wp:attachment":[{"href":"https:\/\/pandita.mx\/index.php\/wp-json\/wp\/v2\/media?parent=20535"}],"wp:term":[{"taxonomy":"product_cat","embeddable":true,"href":"https:\/\/pandita.mx\/index.php\/wp-json\/wp\/v2\/product_cat?post=20535"},{"taxonomy":"product_tag","embeddable":true,"href":"https:\/\/pandita.mx\/index.php\/wp-json\/wp\/v2\/product_tag?post=20535"}],"curies":[{"name":"wp","href":"https:\/\/api.w.org\/{rel}","templated":true}]}}