{"id":19643,"date":"2024-11-13T22:21:29","date_gmt":"2024-11-13T21:21:29","guid":{"rendered":"https:\/\/pandita.mx\/?post_type=product&#038;p=19643"},"modified":"2024-11-14T02:58:23","modified_gmt":"2024-11-14T01:58:23","slug":"xmas-homero-copia","status":"publish","type":"product","link":"https:\/\/pandita.mx\/index.php\/producto\/xmas-homero-copia\/","title":{"rendered":"Xmas Angela Stitch"},"content":{"rendered":"<p>En pandita.mx, encuentra las encantadoras playeras navide\u00f1as de \u00c1ngela, la novia de Stitch, en un dise\u00f1o especial lleno de magia y esp\u00edritu festivo. Con detalles de temporada como estrellas, copos de nieve y colores vibrantes, estas playeras son perfectas para regalar o llevar en todas tus celebraciones navide\u00f1as. \u00a1Luce un estilo \u00fanico y sorprende con nuestras exclusivas playeras de \u00c1ngela esta Navidad en pandita.mx<\/p>\n","protected":false},"excerpt":{"rendered":"<p>En pandita.mx, encuentra las encantadoras playeras navide\u00f1as de \u00c1ngela, la novia de Stitch, en un dise\u00f1o especial lleno de magia y esp\u00edritu festivo. Con detalles de temporada como estrellas, copos de nieve y colores vibrantes, estas playeras son perfectas para regalar o llevar en todas tus celebraciones navide\u00f1as. \u00a1Luce un estilo \u00fanico y sorprende con [&hellip;]<\/p>\n","protected":false},"featured_media":19636,"comment_status":"closed","ping_status":"closed","template":"","meta":{"_et_pb_use_builder":"","_et_pb_old_content":"","_et_gb_content_width":""},"product_cat":[145],"product_tag":[],"class_list":{"0":"post-19643","1":"product","2":"type-product","3":"status-publish","4":"has-post-thumbnail","6":"product_cat-12_02-xmas","7":"pa_color-blanco","8":"pa_color-negro","10":"first","11":"instock","12":"shipping-taxable","13":"product-type-variable"},"_links":{"self":[{"href":"https:\/\/pandita.mx\/index.php\/wp-json\/wp\/v2\/product\/19643","targetHints":{"allow":["GET"]}}],"collection":[{"href":"https:\/\/pandita.mx\/index.php\/wp-json\/wp\/v2\/product"}],"about":[{"href":"https:\/\/pandita.mx\/index.php\/wp-json\/wp\/v2\/types\/product"}],"replies":[{"embeddable":true,"href":"https:\/\/pandita.mx\/index.php\/wp-json\/wp\/v2\/comments?post=19643"}],"wp:featuredmedia":[{"embeddable":true,"href":"https:\/\/pandita.mx\/index.php\/wp-json\/wp\/v2\/media\/19636"}],"wp:attachment":[{"href":"https:\/\/pandita.mx\/index.php\/wp-json\/wp\/v2\/media?parent=19643"}],"wp:term":[{"taxonomy":"product_cat","embeddable":true,"href":"https:\/\/pandita.mx\/index.php\/wp-json\/wp\/v2\/product_cat?post=19643"},{"taxonomy":"product_tag","embeddable":true,"href":"https:\/\/pandita.mx\/index.php\/wp-json\/wp\/v2\/product_tag?post=19643"}],"curies":[{"name":"wp","href":"https:\/\/api.w.org\/{rel}","templated":true}]}}