{"id":1868,"date":"2024-06-06T02:12:05","date_gmt":"2024-06-06T00:12:05","guid":{"rendered":"https:\/\/pandita.mx\/?post_type=product&#038;p=1868"},"modified":"2024-06-06T02:12:06","modified_gmt":"2024-06-06T00:12:06","slug":"vegeta-hijo","status":"publish","type":"product","link":"https:\/\/pandita.mx\/index.php\/producto\/vegeta-hijo\/","title":{"rendered":"Vegeta Hijo"},"content":{"rendered":"<p>Dise\u00f1o para este d\u00eda del padre con tu Super H\u00e9roe favorito acompa\u00f1ado de su hij@.<\/p>\n","protected":false},"excerpt":{"rendered":"<p>Dise\u00f1o para este d\u00eda del padre con tu Super H\u00e9roe favorito acompa\u00f1ado de su hij@.<\/p>\n","protected":false},"featured_media":1840,"comment_status":"open","ping_status":"closed","template":"","meta":{"_et_pb_use_builder":"","_et_pb_old_content":"","_et_gb_content_width":""},"product_cat":[56],"product_tag":[],"class_list":{"0":"post-1868","1":"product","2":"type-product","3":"status-publish","4":"has-post-thumbnail","6":"product_cat-dia-del-padre","8":"first","9":"instock","10":"shipping-taxable","11":"purchasable","12":"product-type-simple"},"_links":{"self":[{"href":"https:\/\/pandita.mx\/index.php\/wp-json\/wp\/v2\/product\/1868","targetHints":{"allow":["GET"]}}],"collection":[{"href":"https:\/\/pandita.mx\/index.php\/wp-json\/wp\/v2\/product"}],"about":[{"href":"https:\/\/pandita.mx\/index.php\/wp-json\/wp\/v2\/types\/product"}],"replies":[{"embeddable":true,"href":"https:\/\/pandita.mx\/index.php\/wp-json\/wp\/v2\/comments?post=1868"}],"wp:featuredmedia":[{"embeddable":true,"href":"https:\/\/pandita.mx\/index.php\/wp-json\/wp\/v2\/media\/1840"}],"wp:attachment":[{"href":"https:\/\/pandita.mx\/index.php\/wp-json\/wp\/v2\/media?parent=1868"}],"wp:term":[{"taxonomy":"product_cat","embeddable":true,"href":"https:\/\/pandita.mx\/index.php\/wp-json\/wp\/v2\/product_cat?post=1868"},{"taxonomy":"product_tag","embeddable":true,"href":"https:\/\/pandita.mx\/index.php\/wp-json\/wp\/v2\/product_tag?post=1868"}],"curies":[{"name":"wp","href":"https:\/\/api.w.org\/{rel}","templated":true}]}}