{"id":18522,"date":"2024-10-23T07:37:38","date_gmt":"2024-10-23T05:37:38","guid":{"rendered":"https:\/\/pandita.mx\/?post_type=product&#038;p=18522"},"modified":"2024-10-23T07:41:19","modified_gmt":"2024-10-23T05:41:19","slug":"zombie-goku","status":"publish","type":"product","link":"https:\/\/pandita.mx\/index.php\/producto\/zombie-goku\/","title":{"rendered":"Zombie Goku"},"content":{"rendered":"<p>\u00a1Dale un giro aterrador a tus h\u00e9roes favoritos con nuestras playeras de superh\u00e9roes cartoon zombis en Pandita.mx! Con dise\u00f1os que mezclan lo heroico y lo espeluznante, estas prendas son perfectas para los fans que aman ver a sus personajes favoritos transformados en criaturas de terror. \u00a1Lleva el estilo zombi a otro nivel!<\/p>\n","protected":false},"excerpt":{"rendered":"<p>\u00a1Dale un giro aterrador a tus h\u00e9roes favoritos con nuestras playeras de superh\u00e9roes cartoon zombis en Pandita.mx! Con dise\u00f1os que mezclan lo heroico y lo espeluznante, estas prendas son perfectas para los fans que aman ver a sus personajes favoritos transformados en criaturas de terror. \u00a1Lleva el estilo zombi a otro nivel!<\/p>\n","protected":false},"featured_media":18320,"comment_status":"closed","ping_status":"closed","template":"","meta":{"_et_pb_use_builder":"","_et_pb_old_content":"","_et_gb_content_width":""},"product_cat":[143],"product_tag":[],"class_list":{"0":"post-18522","1":"product","2":"type-product","3":"status-publish","4":"has-post-thumbnail","6":"product_cat-11_25-zombies-hero","7":"pa_color-blanco","8":"pa_color-negro","10":"first","11":"instock","12":"shipping-taxable","13":"purchasable","14":"product-type-variable"},"_links":{"self":[{"href":"https:\/\/pandita.mx\/index.php\/wp-json\/wp\/v2\/product\/18522","targetHints":{"allow":["GET"]}}],"collection":[{"href":"https:\/\/pandita.mx\/index.php\/wp-json\/wp\/v2\/product"}],"about":[{"href":"https:\/\/pandita.mx\/index.php\/wp-json\/wp\/v2\/types\/product"}],"replies":[{"embeddable":true,"href":"https:\/\/pandita.mx\/index.php\/wp-json\/wp\/v2\/comments?post=18522"}],"wp:featuredmedia":[{"embeddable":true,"href":"https:\/\/pandita.mx\/index.php\/wp-json\/wp\/v2\/media\/18320"}],"wp:attachment":[{"href":"https:\/\/pandita.mx\/index.php\/wp-json\/wp\/v2\/media?parent=18522"}],"wp:term":[{"taxonomy":"product_cat","embeddable":true,"href":"https:\/\/pandita.mx\/index.php\/wp-json\/wp\/v2\/product_cat?post=18522"},{"taxonomy":"product_tag","embeddable":true,"href":"https:\/\/pandita.mx\/index.php\/wp-json\/wp\/v2\/product_tag?post=18522"}],"curies":[{"name":"wp","href":"https:\/\/api.w.org\/{rel}","templated":true}]}}