{"id":18213,"date":"2024-10-22T05:27:23","date_gmt":"2024-10-22T03:27:23","guid":{"rendered":"https:\/\/pandita.mx\/?post_type=product&#038;p=18213"},"modified":"2025-10-19T23:43:45","modified_gmt":"2025-10-19T21:43:45","slug":"calaverita-el-teporochito","status":"publish","type":"product","link":"https:\/\/pandita.mx\/index.php\/producto\/calaverita-el-teporochito\/","title":{"rendered":"Calaverita El Teporochito"},"content":{"rendered":"<p>Celebra el D\u00eda de Muertos con ternura y tradici\u00f3n usando nuestras encantadoras playeras de calaveritas chibis mexicanas en Pandita.mx. Con dise\u00f1os adorables que combinan la esencia de las calaveras con el estilo chibi, estas prendas son perfectas para quienes buscan un look festivo lleno de cultura y creatividad. \u00a1Luce el colorido de M\u00e9xico con un toque \u00fanico!<\/p>\n","protected":false},"excerpt":{"rendered":"<p>Celebra el D\u00eda de Muertos con ternura y tradici\u00f3n usando nuestras encantadoras playeras de calaveritas chibis mexicanas en Pandita.mx. Con dise\u00f1os adorables que combinan la esencia de las calaveras con el estilo chibi, estas prendas son perfectas para quienes buscan un look festivo lleno de cultura y creatividad. \u00a1Luce el colorido de M\u00e9xico con un [&hellip;]<\/p>\n","protected":false},"featured_media":18104,"comment_status":"closed","ping_status":"closed","template":"","meta":{"_et_pb_use_builder":"","_et_pb_old_content":"","_et_gb_content_width":""},"product_cat":[242,142],"product_tag":[],"class_list":{"0":"post-18213","1":"product","2":"type-product","3":"status-publish","4":"has-post-thumbnail","6":"product_cat-00_11-destacados-noviembre","7":"product_cat-11_24-chibis-mx","8":"pa_color-blanco","9":"pa_color-negro","11":"first","12":"instock","13":"shipping-taxable","14":"product-type-variable"},"_links":{"self":[{"href":"https:\/\/pandita.mx\/index.php\/wp-json\/wp\/v2\/product\/18213","targetHints":{"allow":["GET"]}}],"collection":[{"href":"https:\/\/pandita.mx\/index.php\/wp-json\/wp\/v2\/product"}],"about":[{"href":"https:\/\/pandita.mx\/index.php\/wp-json\/wp\/v2\/types\/product"}],"replies":[{"embeddable":true,"href":"https:\/\/pandita.mx\/index.php\/wp-json\/wp\/v2\/comments?post=18213"}],"wp:featuredmedia":[{"embeddable":true,"href":"https:\/\/pandita.mx\/index.php\/wp-json\/wp\/v2\/media\/18104"}],"wp:attachment":[{"href":"https:\/\/pandita.mx\/index.php\/wp-json\/wp\/v2\/media?parent=18213"}],"wp:term":[{"taxonomy":"product_cat","embeddable":true,"href":"https:\/\/pandita.mx\/index.php\/wp-json\/wp\/v2\/product_cat?post=18213"},{"taxonomy":"product_tag","embeddable":true,"href":"https:\/\/pandita.mx\/index.php\/wp-json\/wp\/v2\/product_tag?post=18213"}],"curies":[{"name":"wp","href":"https:\/\/api.w.org\/{rel}","templated":true}]}}