{"id":17928,"date":"2024-10-18T04:33:20","date_gmt":"2024-10-18T02:33:20","guid":{"rendered":"https:\/\/pandita.mx\/?post_type=product&#038;p=17928"},"modified":"2024-10-18T04:35:47","modified_gmt":"2024-10-18T02:35:47","slug":"urzula-dia-de-muertos","status":"publish","type":"product","link":"https:\/\/pandita.mx\/index.php\/producto\/urzula-dia-de-muertos\/","title":{"rendered":"Urzula D\u00eda de Muertos"},"content":{"rendered":"<p>Desata tu lado oscuro con nuestras playeras de villanos en Pandita.mx. Con dise\u00f1os que capturan la maldad y el carisma de los personajes m\u00e1s ic\u00f3nicos, estas prendas son perfectas para quienes prefieren a los verdaderos protagonistas del caos. \u00a1Vive el poder de los villanos con estilo y actitud!<\/p>\n","protected":false},"excerpt":{"rendered":"<p>Desata tu lado oscuro con nuestras playeras de villanos en Pandita.mx. Con dise\u00f1os que capturan la maldad y el carisma de los personajes m\u00e1s ic\u00f3nicos, estas prendas son perfectas para quienes prefieren a los verdaderos protagonistas del caos. \u00a1Vive el poder de los villanos con estilo y actitud!<\/p>\n","protected":false},"featured_media":17544,"comment_status":"closed","ping_status":"closed","template":"","meta":{"_et_pb_use_builder":"","_et_pb_old_content":"","_et_gb_content_width":""},"product_cat":[141],"product_tag":[],"class_list":{"0":"post-17928","1":"product","2":"type-product","3":"status-publish","4":"has-post-thumbnail","6":"product_cat-11_23-villanos","7":"pa_color-blanco","8":"pa_color-negro","10":"first","11":"instock","12":"shipping-taxable","13":"purchasable","14":"product-type-variable"},"_links":{"self":[{"href":"https:\/\/pandita.mx\/index.php\/wp-json\/wp\/v2\/product\/17928","targetHints":{"allow":["GET"]}}],"collection":[{"href":"https:\/\/pandita.mx\/index.php\/wp-json\/wp\/v2\/product"}],"about":[{"href":"https:\/\/pandita.mx\/index.php\/wp-json\/wp\/v2\/types\/product"}],"replies":[{"embeddable":true,"href":"https:\/\/pandita.mx\/index.php\/wp-json\/wp\/v2\/comments?post=17928"}],"wp:featuredmedia":[{"embeddable":true,"href":"https:\/\/pandita.mx\/index.php\/wp-json\/wp\/v2\/media\/17544"}],"wp:attachment":[{"href":"https:\/\/pandita.mx\/index.php\/wp-json\/wp\/v2\/media?parent=17928"}],"wp:term":[{"taxonomy":"product_cat","embeddable":true,"href":"https:\/\/pandita.mx\/index.php\/wp-json\/wp\/v2\/product_cat?post=17928"},{"taxonomy":"product_tag","embeddable":true,"href":"https:\/\/pandita.mx\/index.php\/wp-json\/wp\/v2\/product_tag?post=17928"}],"curies":[{"name":"wp","href":"https:\/\/api.w.org\/{rel}","templated":true}]}}