{"id":17904,"date":"2024-10-18T04:32:41","date_gmt":"2024-10-18T02:32:41","guid":{"rendered":"https:\/\/pandita.mx\/?post_type=product&#038;p=17904"},"modified":"2024-10-18T04:34:14","modified_gmt":"2024-10-18T02:34:14","slug":"luigi-mario","status":"publish","type":"product","link":"https:\/\/pandita.mx\/index.php\/producto\/luigi-mario\/","title":{"rendered":"Luigi Mario"},"content":{"rendered":"<p>Sube de nivel tu estilo con nuestras \u00e9picas playeras de videojuegos en Pandita.mx. Desde los cl\u00e1sicos retro hasta los t\u00edtulos m\u00e1s nuevos, nuestros dise\u00f1os est\u00e1n hechos para gamers que quieren mostrar su pasi\u00f3n dentro y fuera de la pantalla. \u00a1Lleva tus juegos favoritos contigo y juega con estilo en cualquier ocasi\u00f3n<\/p>\n","protected":false},"excerpt":{"rendered":"<p>Sube de nivel tu estilo con nuestras \u00e9picas playeras de videojuegos en Pandita.mx. Desde los cl\u00e1sicos retro hasta los t\u00edtulos m\u00e1s nuevos, nuestros dise\u00f1os est\u00e1n hechos para gamers que quieren mostrar su pasi\u00f3n dentro y fuera de la pantalla. \u00a1Lleva tus juegos favoritos contigo y juega con estilo en cualquier ocasi\u00f3n<\/p>\n","protected":false},"featured_media":17556,"comment_status":"closed","ping_status":"closed","template":"","meta":{"_et_pb_use_builder":"","_et_pb_old_content":"","_et_gb_content_width":""},"product_cat":[140],"product_tag":[],"class_list":{"0":"post-17904","1":"product","2":"type-product","3":"status-publish","4":"has-post-thumbnail","6":"product_cat-11_22-videogame","7":"pa_color-blanco","8":"pa_color-negro","10":"first","11":"instock","12":"shipping-taxable","13":"purchasable","14":"product-type-variable"},"_links":{"self":[{"href":"https:\/\/pandita.mx\/index.php\/wp-json\/wp\/v2\/product\/17904","targetHints":{"allow":["GET"]}}],"collection":[{"href":"https:\/\/pandita.mx\/index.php\/wp-json\/wp\/v2\/product"}],"about":[{"href":"https:\/\/pandita.mx\/index.php\/wp-json\/wp\/v2\/types\/product"}],"replies":[{"embeddable":true,"href":"https:\/\/pandita.mx\/index.php\/wp-json\/wp\/v2\/comments?post=17904"}],"wp:featuredmedia":[{"embeddable":true,"href":"https:\/\/pandita.mx\/index.php\/wp-json\/wp\/v2\/media\/17556"}],"wp:attachment":[{"href":"https:\/\/pandita.mx\/index.php\/wp-json\/wp\/v2\/media?parent=17904"}],"wp:term":[{"taxonomy":"product_cat","embeddable":true,"href":"https:\/\/pandita.mx\/index.php\/wp-json\/wp\/v2\/product_cat?post=17904"},{"taxonomy":"product_tag","embeddable":true,"href":"https:\/\/pandita.mx\/index.php\/wp-json\/wp\/v2\/product_tag?post=17904"}],"curies":[{"name":"wp","href":"https:\/\/api.w.org\/{rel}","templated":true}]}}