{"id":1770,"date":"2024-05-30T08:27:23","date_gmt":"2024-05-30T06:27:23","guid":{"rendered":"https:\/\/pandita.mx\/?post_type=product&#038;p=1770"},"modified":"2024-05-30T08:27:24","modified_gmt":"2024-05-30T06:27:24","slug":"flork-super-papa","status":"publish","type":"product","link":"https:\/\/pandita.mx\/index.php\/producto\/flork-super-papa\/","title":{"rendered":"Flork Super Pap\u00e1"},"content":{"rendered":"<p>Dise\u00f1o de Flork para este d\u00eda del padre con divertidas frases ideales para el regalo de pap\u00e1<\/p>\n","protected":false},"excerpt":{"rendered":"<p>Dise\u00f1o de Flork para este d\u00eda del padre con divertidas frases ideales para el regalo de pap\u00e1<\/p>\n","protected":false},"featured_media":1761,"comment_status":"open","ping_status":"closed","template":"","meta":{"_et_pb_use_builder":"","_et_pb_old_content":"","_et_gb_content_width":""},"product_cat":[58],"product_tag":[],"class_list":{"0":"post-1770","1":"product","2":"type-product","3":"status-publish","4":"has-post-thumbnail","6":"product_cat-dia-del-padre-mas","8":"first","9":"instock","10":"shipping-taxable","11":"purchasable","12":"product-type-simple"},"_links":{"self":[{"href":"https:\/\/pandita.mx\/index.php\/wp-json\/wp\/v2\/product\/1770","targetHints":{"allow":["GET"]}}],"collection":[{"href":"https:\/\/pandita.mx\/index.php\/wp-json\/wp\/v2\/product"}],"about":[{"href":"https:\/\/pandita.mx\/index.php\/wp-json\/wp\/v2\/types\/product"}],"replies":[{"embeddable":true,"href":"https:\/\/pandita.mx\/index.php\/wp-json\/wp\/v2\/comments?post=1770"}],"wp:featuredmedia":[{"embeddable":true,"href":"https:\/\/pandita.mx\/index.php\/wp-json\/wp\/v2\/media\/1761"}],"wp:attachment":[{"href":"https:\/\/pandita.mx\/index.php\/wp-json\/wp\/v2\/media?parent=1770"}],"wp:term":[{"taxonomy":"product_cat","embeddable":true,"href":"https:\/\/pandita.mx\/index.php\/wp-json\/wp\/v2\/product_cat?post=1770"},{"taxonomy":"product_tag","embeddable":true,"href":"https:\/\/pandita.mx\/index.php\/wp-json\/wp\/v2\/product_tag?post=1770"}],"curies":[{"name":"wp","href":"https:\/\/api.w.org\/{rel}","templated":true}]}}