{"id":17676,"date":"2024-10-18T04:12:35","date_gmt":"2024-10-18T02:12:35","guid":{"rendered":"https:\/\/pandita.mx\/?post_type=product&#038;p=17676"},"modified":"2024-10-18T04:14:08","modified_gmt":"2024-10-18T02:14:08","slug":"lisa-halloween","status":"publish","type":"product","link":"https:\/\/pandita.mx\/index.php\/producto\/lisa-halloween\/","title":{"rendered":"Lisa Halloween"},"content":{"rendered":"<p>Vive un Halloween espeluznante con nuestras divertidas playeras de Los Simpsons en Pandita.mx. Inspiradas en los ic\u00f3nicos episodios de \u2018La Casita del Horror\u2019, estos dise\u00f1os traen a tus personajes favoritos al lado m\u00e1s terror\u00edfico y divertido de la temporada. Perfectas para los fans que quieren celebrar con humor y estilo. \u00a1Haz de este Halloween un cl\u00e1sico amarillo<\/p>\n","protected":false},"excerpt":{"rendered":"<p>Vive un Halloween espeluznante con nuestras divertidas playeras de Los Simpsons en Pandita.mx. Inspiradas en los ic\u00f3nicos episodios de \u2018La Casita del Horror\u2019, estos dise\u00f1os traen a tus personajes favoritos al lado m\u00e1s terror\u00edfico y divertido de la temporada. Perfectas para los fans que quieren celebrar con humor y estilo. \u00a1Haz de este Halloween un [&hellip;]<\/p>\n","protected":false},"featured_media":17519,"comment_status":"closed","ping_status":"closed","template":"","meta":{"_et_pb_use_builder":"","_et_pb_old_content":"","_et_gb_content_width":""},"product_cat":[137],"product_tag":[],"class_list":{"0":"post-17676","1":"product","2":"type-product","3":"status-publish","4":"has-post-thumbnail","6":"product_cat-11_20-simpsons","7":"pa_color-blanco","8":"pa_color-negro","10":"first","11":"instock","12":"shipping-taxable","13":"purchasable","14":"product-type-variable"},"_links":{"self":[{"href":"https:\/\/pandita.mx\/index.php\/wp-json\/wp\/v2\/product\/17676","targetHints":{"allow":["GET"]}}],"collection":[{"href":"https:\/\/pandita.mx\/index.php\/wp-json\/wp\/v2\/product"}],"about":[{"href":"https:\/\/pandita.mx\/index.php\/wp-json\/wp\/v2\/types\/product"}],"replies":[{"embeddable":true,"href":"https:\/\/pandita.mx\/index.php\/wp-json\/wp\/v2\/comments?post=17676"}],"wp:featuredmedia":[{"embeddable":true,"href":"https:\/\/pandita.mx\/index.php\/wp-json\/wp\/v2\/media\/17519"}],"wp:attachment":[{"href":"https:\/\/pandita.mx\/index.php\/wp-json\/wp\/v2\/media?parent=17676"}],"wp:term":[{"taxonomy":"product_cat","embeddable":true,"href":"https:\/\/pandita.mx\/index.php\/wp-json\/wp\/v2\/product_cat?post=17676"},{"taxonomy":"product_tag","embeddable":true,"href":"https:\/\/pandita.mx\/index.php\/wp-json\/wp\/v2\/product_tag?post=17676"}],"curies":[{"name":"wp","href":"https:\/\/api.w.org\/{rel}","templated":true}]}}