{"id":17536,"date":"2024-10-18T04:03:05","date_gmt":"2024-10-18T02:03:05","guid":{"rendered":"https:\/\/pandita.mx\/?post_type=product&#038;p=17536"},"modified":"2024-10-18T04:04:12","modified_gmt":"2024-10-18T02:04:12","slug":"sailoor-moon-dia-de-muertos","status":"publish","type":"product","link":"https:\/\/pandita.mx\/index.php\/producto\/sailoor-moon-dia-de-muertos\/","title":{"rendered":"Sailoor Moon D\u00eda de Muertos"},"content":{"rendered":"<p>Transforma tu estilo este Halloween con nuestras m\u00e1gicas playeras de Sailor Moon en Pandita.mx. Con dise\u00f1os que mezclan la elegancia de las Sailor Scouts con el misterio de la temporada, estas prendas son perfectas para los fans que desean brillar con poder lunar. \u00a1Lucha por el amor y la justicia con un look celestial y festivo<\/p>\n","protected":false},"excerpt":{"rendered":"<p>Transforma tu estilo este Halloween con nuestras m\u00e1gicas playeras de Sailor Moon en Pandita.mx. Con dise\u00f1os que mezclan la elegancia de las Sailor Scouts con el misterio de la temporada, estas prendas son perfectas para los fans que desean brillar con poder lunar. \u00a1Lucha por el amor y la justicia con un look celestial y [&hellip;]<\/p>\n","protected":false},"featured_media":17506,"comment_status":"closed","ping_status":"closed","template":"","meta":{"_et_pb_use_builder":"","_et_pb_old_content":"","_et_gb_content_width":""},"product_cat":[125],"product_tag":[],"class_list":{"0":"post-17536","1":"product","2":"type-product","3":"status-publish","4":"has-post-thumbnail","6":"product_cat-11_12-heroes","7":"pa_color-blanco","8":"pa_color-negro","10":"first","11":"instock","12":"shipping-taxable","13":"purchasable","14":"product-type-variable"},"_links":{"self":[{"href":"https:\/\/pandita.mx\/index.php\/wp-json\/wp\/v2\/product\/17536","targetHints":{"allow":["GET"]}}],"collection":[{"href":"https:\/\/pandita.mx\/index.php\/wp-json\/wp\/v2\/product"}],"about":[{"href":"https:\/\/pandita.mx\/index.php\/wp-json\/wp\/v2\/types\/product"}],"replies":[{"embeddable":true,"href":"https:\/\/pandita.mx\/index.php\/wp-json\/wp\/v2\/comments?post=17536"}],"wp:featuredmedia":[{"embeddable":true,"href":"https:\/\/pandita.mx\/index.php\/wp-json\/wp\/v2\/media\/17506"}],"wp:attachment":[{"href":"https:\/\/pandita.mx\/index.php\/wp-json\/wp\/v2\/media?parent=17536"}],"wp:term":[{"taxonomy":"product_cat","embeddable":true,"href":"https:\/\/pandita.mx\/index.php\/wp-json\/wp\/v2\/product_cat?post=17536"},{"taxonomy":"product_tag","embeddable":true,"href":"https:\/\/pandita.mx\/index.php\/wp-json\/wp\/v2\/product_tag?post=17536"}],"curies":[{"name":"wp","href":"https:\/\/api.w.org\/{rel}","templated":true}]}}