{"id":1749,"date":"2024-05-30T07:49:18","date_gmt":"2024-05-30T05:49:18","guid":{"rendered":"https:\/\/pandita.mx\/?post_type=product&#038;p=1749"},"modified":"2024-05-30T08:33:56","modified_gmt":"2024-05-30T06:33:56","slug":"punos-black-panther","status":"publish","type":"product","link":"https:\/\/pandita.mx\/index.php\/producto\/punos-black-panther\/","title":{"rendered":"Pu\u00f1os Black Panther"},"content":{"rendered":"<p>Super H\u00e9roes de pu\u00f1os de Black Panther, totalmente personalizadas con de pap\u00e1 e hijo<\/p>\n","protected":false},"excerpt":{"rendered":"<p>Super H\u00e9roes de pu\u00f1os de Black Panther, totalmente personalizadas con de pap\u00e1 e hijo<\/p>\n","protected":false},"featured_media":1747,"comment_status":"open","ping_status":"closed","template":"","meta":{"_et_pb_use_builder":"","_et_pb_old_content":"","_et_gb_content_width":""},"product_cat":[59],"product_tag":[],"class_list":{"0":"post-1749","1":"product","2":"type-product","3":"status-publish","4":"has-post-thumbnail","6":"product_cat-dia-del-padre-punos","8":"first","9":"instock","10":"shipping-taxable","11":"purchasable","12":"product-type-simple"},"_links":{"self":[{"href":"https:\/\/pandita.mx\/index.php\/wp-json\/wp\/v2\/product\/1749","targetHints":{"allow":["GET"]}}],"collection":[{"href":"https:\/\/pandita.mx\/index.php\/wp-json\/wp\/v2\/product"}],"about":[{"href":"https:\/\/pandita.mx\/index.php\/wp-json\/wp\/v2\/types\/product"}],"replies":[{"embeddable":true,"href":"https:\/\/pandita.mx\/index.php\/wp-json\/wp\/v2\/comments?post=1749"}],"wp:featuredmedia":[{"embeddable":true,"href":"https:\/\/pandita.mx\/index.php\/wp-json\/wp\/v2\/media\/1747"}],"wp:attachment":[{"href":"https:\/\/pandita.mx\/index.php\/wp-json\/wp\/v2\/media?parent=1749"}],"wp:term":[{"taxonomy":"product_cat","embeddable":true,"href":"https:\/\/pandita.mx\/index.php\/wp-json\/wp\/v2\/product_cat?post=1749"},{"taxonomy":"product_tag","embeddable":true,"href":"https:\/\/pandita.mx\/index.php\/wp-json\/wp\/v2\/product_tag?post=1749"}],"curies":[{"name":"wp","href":"https:\/\/api.w.org\/{rel}","templated":true}]}}