{"id":1735,"date":"2024-05-30T07:48:08","date_gmt":"2024-05-30T05:48:08","guid":{"rendered":"https:\/\/pandita.mx\/?post_type=product&#038;p=1735"},"modified":"2024-05-30T08:33:43","modified_gmt":"2024-05-30T06:33:43","slug":"punosamerica","status":"publish","type":"product","link":"https:\/\/pandita.mx\/index.php\/producto\/punosamerica\/","title":{"rendered":"Pu\u00f1os Capitan Am\u00e9rica"},"content":{"rendered":"<p>Dise\u00f1o de Super H\u00e9roes de pu\u00f1os del Capitan Am\u00e9rica, totalmente personalizadas con de pap\u00e1 e hij@<\/p>\n","protected":false},"excerpt":{"rendered":"<p>Super H\u00e9roes de pu\u00f1os del Capitan Am\u00e9rica totalmente personalizadas con de pap\u00e1 e hijo<\/p>\n","protected":false},"featured_media":1744,"comment_status":"open","ping_status":"closed","template":"","meta":{"_et_pb_use_builder":"","_et_pb_old_content":"","_et_gb_content_width":""},"product_cat":[59],"product_tag":[],"class_list":{"0":"post-1735","1":"product","2":"type-product","3":"status-publish","4":"has-post-thumbnail","6":"product_cat-dia-del-padre-punos","8":"first","9":"instock","10":"shipping-taxable","11":"purchasable","12":"product-type-simple"},"_links":{"self":[{"href":"https:\/\/pandita.mx\/index.php\/wp-json\/wp\/v2\/product\/1735","targetHints":{"allow":["GET"]}}],"collection":[{"href":"https:\/\/pandita.mx\/index.php\/wp-json\/wp\/v2\/product"}],"about":[{"href":"https:\/\/pandita.mx\/index.php\/wp-json\/wp\/v2\/types\/product"}],"replies":[{"embeddable":true,"href":"https:\/\/pandita.mx\/index.php\/wp-json\/wp\/v2\/comments?post=1735"}],"wp:featuredmedia":[{"embeddable":true,"href":"https:\/\/pandita.mx\/index.php\/wp-json\/wp\/v2\/media\/1744"}],"wp:attachment":[{"href":"https:\/\/pandita.mx\/index.php\/wp-json\/wp\/v2\/media?parent=1735"}],"wp:term":[{"taxonomy":"product_cat","embeddable":true,"href":"https:\/\/pandita.mx\/index.php\/wp-json\/wp\/v2\/product_cat?post=1735"},{"taxonomy":"product_tag","embeddable":true,"href":"https:\/\/pandita.mx\/index.php\/wp-json\/wp\/v2\/product_tag?post=1735"}],"curies":[{"name":"wp","href":"https:\/\/api.w.org\/{rel}","templated":true}]}}