{"id":1708,"date":"2024-05-29T04:07:47","date_gmt":"2024-05-29T02:07:47","guid":{"rendered":"https:\/\/pandita.mx\/?post_type=product&#038;p=1708"},"modified":"2024-05-29T04:07:48","modified_gmt":"2024-05-29T02:07:48","slug":"triton-sirenita-pride","status":"publish","type":"product","link":"https:\/\/pandita.mx\/index.php\/producto\/triton-sirenita-pride\/","title":{"rendered":"Triton Sirenita Pride"},"content":{"rendered":"<p>Dise\u00f1o de Triton de Sirenita Pride en conmemoraci\u00f3n al d\u00eda Internacional del Orgullo LGBT <b>28 de junio<\/b><\/p>\n","protected":false},"excerpt":{"rendered":"<p>Dise\u00f1o de Triton de Sirenita Pride en conmemoraci\u00f3n al d\u00eda Internacional del Orgullo LGBT <b>28 de junio<\/b><\/p>\n","protected":false},"featured_media":1701,"comment_status":"open","ping_status":"closed","template":"","meta":{"_et_pb_use_builder":"","_et_pb_old_content":"","_et_gb_content_width":""},"product_cat":[57],"product_tag":[],"class_list":{"0":"post-1708","1":"product","2":"type-product","3":"status-publish","4":"has-post-thumbnail","6":"product_cat-pride","8":"first","9":"instock","10":"shipping-taxable","11":"purchasable","12":"product-type-simple"},"_links":{"self":[{"href":"https:\/\/pandita.mx\/index.php\/wp-json\/wp\/v2\/product\/1708","targetHints":{"allow":["GET"]}}],"collection":[{"href":"https:\/\/pandita.mx\/index.php\/wp-json\/wp\/v2\/product"}],"about":[{"href":"https:\/\/pandita.mx\/index.php\/wp-json\/wp\/v2\/types\/product"}],"replies":[{"embeddable":true,"href":"https:\/\/pandita.mx\/index.php\/wp-json\/wp\/v2\/comments?post=1708"}],"wp:featuredmedia":[{"embeddable":true,"href":"https:\/\/pandita.mx\/index.php\/wp-json\/wp\/v2\/media\/1701"}],"wp:attachment":[{"href":"https:\/\/pandita.mx\/index.php\/wp-json\/wp\/v2\/media?parent=1708"}],"wp:term":[{"taxonomy":"product_cat","embeddable":true,"href":"https:\/\/pandita.mx\/index.php\/wp-json\/wp\/v2\/product_cat?post=1708"},{"taxonomy":"product_tag","embeddable":true,"href":"https:\/\/pandita.mx\/index.php\/wp-json\/wp\/v2\/product_tag?post=1708"}],"curies":[{"name":"wp","href":"https:\/\/api.w.org\/{rel}","templated":true}]}}