{"id":1703,"date":"2024-05-29T04:04:16","date_gmt":"2024-05-29T02:04:16","guid":{"rendered":"https:\/\/pandita.mx\/?post_type=product&#038;p=1703"},"modified":"2024-05-29T04:04:17","modified_gmt":"2024-05-29T02:04:17","slug":"principe-erik-pride","status":"publish","type":"product","link":"https:\/\/pandita.mx\/index.php\/producto\/principe-erik-pride\/","title":{"rendered":"Principe Erik Pride"},"content":{"rendered":"<p>Dise\u00f1o del Principe Erik Pride en conmemoraic\u00f3n al d\u00eda Internacional del Orgullo LGBT <b>28 de junio<\/b><\/p>\n","protected":false},"excerpt":{"rendered":"<p>Dise\u00f1o del Principe Erik Pride en conmemoraic\u00f3n al d\u00eda Internacional del Orgullo LGBT <b>28 de junio<\/b><\/p>\n","protected":false},"featured_media":1696,"comment_status":"open","ping_status":"closed","template":"","meta":{"_et_pb_use_builder":"","_et_pb_old_content":"","_et_gb_content_width":""},"product_cat":[57],"product_tag":[],"class_list":{"0":"post-1703","1":"product","2":"type-product","3":"status-publish","4":"has-post-thumbnail","6":"product_cat-pride","8":"first","9":"instock","10":"shipping-taxable","11":"purchasable","12":"product-type-simple"},"_links":{"self":[{"href":"https:\/\/pandita.mx\/index.php\/wp-json\/wp\/v2\/product\/1703","targetHints":{"allow":["GET"]}}],"collection":[{"href":"https:\/\/pandita.mx\/index.php\/wp-json\/wp\/v2\/product"}],"about":[{"href":"https:\/\/pandita.mx\/index.php\/wp-json\/wp\/v2\/types\/product"}],"replies":[{"embeddable":true,"href":"https:\/\/pandita.mx\/index.php\/wp-json\/wp\/v2\/comments?post=1703"}],"wp:featuredmedia":[{"embeddable":true,"href":"https:\/\/pandita.mx\/index.php\/wp-json\/wp\/v2\/media\/1696"}],"wp:attachment":[{"href":"https:\/\/pandita.mx\/index.php\/wp-json\/wp\/v2\/media?parent=1703"}],"wp:term":[{"taxonomy":"product_cat","embeddable":true,"href":"https:\/\/pandita.mx\/index.php\/wp-json\/wp\/v2\/product_cat?post=1703"},{"taxonomy":"product_tag","embeddable":true,"href":"https:\/\/pandita.mx\/index.php\/wp-json\/wp\/v2\/product_tag?post=1703"}],"curies":[{"name":"wp","href":"https:\/\/api.w.org\/{rel}","templated":true}]}}