{"id":170,"date":"2023-12-22T16:55:44","date_gmt":"2023-12-22T15:55:44","guid":{"rendered":"https:\/\/pandita.mx\/?post_type=product&#038;p=170"},"modified":"2024-01-14T16:11:58","modified_gmt":"2024-01-14T15:11:58","slug":"aguilas-campeones-odiame-mas","status":"publish","type":"product","link":"https:\/\/pandita.mx\/index.php\/producto\/aguilas-campeones-odiame-mas\/","title":{"rendered":"\u00c1guilas Campeones \u00f3diame m\u00e1s"},"content":{"rendered":"<p>Tienes un familiar o amigo americanista y no sabes ya que regalarle, te ofrecemos estos dise\u00f1os creativos y originales de las \u00c1guilas del Am\u00e9rica conmemorativo a su 14a. Copa de Liga.<\/p>\n","protected":false},"excerpt":{"rendered":"<p>Tienes un familiar o amigo americanista y no sabes ya que regalarle, te ofrecemos estos dise\u00f1os creativos y originales de las \u00c1guilas del Am\u00e9rica conmemorativo a su 14a. Copa de Liga.<\/p>\n","protected":false},"featured_media":158,"comment_status":"open","ping_status":"closed","template":"","meta":{"_et_pb_use_builder":"","_et_pb_old_content":"","_et_gb_content_width":""},"product_cat":[23],"product_tag":[],"class_list":{"0":"post-170","1":"product","2":"type-product","3":"status-publish","4":"has-post-thumbnail","6":"product_cat-deportes","8":"first","9":"instock","10":"shipping-taxable","11":"purchasable","12":"product-type-simple"},"_links":{"self":[{"href":"https:\/\/pandita.mx\/index.php\/wp-json\/wp\/v2\/product\/170","targetHints":{"allow":["GET"]}}],"collection":[{"href":"https:\/\/pandita.mx\/index.php\/wp-json\/wp\/v2\/product"}],"about":[{"href":"https:\/\/pandita.mx\/index.php\/wp-json\/wp\/v2\/types\/product"}],"replies":[{"embeddable":true,"href":"https:\/\/pandita.mx\/index.php\/wp-json\/wp\/v2\/comments?post=170"}],"wp:featuredmedia":[{"embeddable":true,"href":"https:\/\/pandita.mx\/index.php\/wp-json\/wp\/v2\/media\/158"}],"wp:attachment":[{"href":"https:\/\/pandita.mx\/index.php\/wp-json\/wp\/v2\/media?parent=170"}],"wp:term":[{"taxonomy":"product_cat","embeddable":true,"href":"https:\/\/pandita.mx\/index.php\/wp-json\/wp\/v2\/product_cat?post=170"},{"taxonomy":"product_tag","embeddable":true,"href":"https:\/\/pandita.mx\/index.php\/wp-json\/wp\/v2\/product_tag?post=170"}],"curies":[{"name":"wp","href":"https:\/\/api.w.org\/{rel}","templated":true}]}}