{"id":168,"date":"2023-12-22T16:54:03","date_gmt":"2023-12-22T15:54:03","guid":{"rendered":"https:\/\/pandita.mx\/?post_type=product&#038;p=168"},"modified":"2025-02-08T04:20:50","modified_gmt":"2025-02-08T03:20:50","slug":"campeones-escudo-america","status":"publish","type":"product","link":"https:\/\/pandita.mx\/index.php\/producto\/campeones-escudo-america\/","title":{"rendered":"Campeones Escudo America"},"content":{"rendered":"<p>Tienes un familiar o amigo americanista y no sabes ya que regalarle, te ofrecemos estos dise\u00f1os creativos y originales de las \u00c1guilas del Am\u00e9rica conmemorativo a su 14a. Copa de Liga.<\/p>\n","protected":false},"excerpt":{"rendered":"<p>Tienes un familiar o amigo americanista y no sabes ya que regalarle, te ofrecemos estos dise\u00f1os creativos y originales de las \u00c1guilas del Am\u00e9rica conmemorativo a su 14a. Copa de Liga.<\/p>\n","protected":false},"featured_media":157,"comment_status":"open","ping_status":"closed","template":"","meta":{"_et_pb_use_builder":"","_et_pb_old_content":"","_et_gb_content_width":""},"product_cat":[200,23],"product_tag":[],"class_list":{"0":"post-168","1":"product","2":"type-product","3":"status-publish","4":"has-post-thumbnail","6":"product_cat-00_destacadodeportes","7":"product_cat-deportes","9":"first","10":"instock","11":"shipping-taxable","12":"purchasable","13":"product-type-simple"},"_links":{"self":[{"href":"https:\/\/pandita.mx\/index.php\/wp-json\/wp\/v2\/product\/168","targetHints":{"allow":["GET"]}}],"collection":[{"href":"https:\/\/pandita.mx\/index.php\/wp-json\/wp\/v2\/product"}],"about":[{"href":"https:\/\/pandita.mx\/index.php\/wp-json\/wp\/v2\/types\/product"}],"replies":[{"embeddable":true,"href":"https:\/\/pandita.mx\/index.php\/wp-json\/wp\/v2\/comments?post=168"}],"wp:featuredmedia":[{"embeddable":true,"href":"https:\/\/pandita.mx\/index.php\/wp-json\/wp\/v2\/media\/157"}],"wp:attachment":[{"href":"https:\/\/pandita.mx\/index.php\/wp-json\/wp\/v2\/media?parent=168"}],"wp:term":[{"taxonomy":"product_cat","embeddable":true,"href":"https:\/\/pandita.mx\/index.php\/wp-json\/wp\/v2\/product_cat?post=168"},{"taxonomy":"product_tag","embeddable":true,"href":"https:\/\/pandita.mx\/index.php\/wp-json\/wp\/v2\/product_tag?post=168"}],"curies":[{"name":"wp","href":"https:\/\/api.w.org\/{rel}","templated":true}]}}