{"id":16642,"date":"2024-10-18T03:11:22","date_gmt":"2024-10-18T01:11:22","guid":{"rendered":"https:\/\/pandita.mx\/?post_type=product&#038;p=16642"},"modified":"2024-10-18T03:16:14","modified_gmt":"2024-10-18T01:16:14","slug":"villanos-combi","status":"publish","type":"product","link":"https:\/\/pandita.mx\/index.php\/producto\/villanos-combi\/","title":{"rendered":"Villanos Combi"},"content":{"rendered":"<p>En pandita.mx, descubre una incre\u00edble galer\u00eda de dise\u00f1os \u00fanicos inspirados en el D\u00eda de Muertos y Halloween, con un toque de humor mexicano. Explora textiles, gr\u00e1ficos y arte visual que fusionan tradici\u00f3n y creatividad, ideales para darle vida a cualquier proyecto mientras te r\u00edes hasta con la Catrina.<\/p>\n","protected":false},"excerpt":{"rendered":"<p>En pandita.mx, descubre una incre\u00edble galer\u00eda de dise\u00f1os \u00fanicos inspirados en el D\u00eda de Muertos y Halloween, con un toque de humor mexicano. Explora textiles, gr\u00e1ficos y arte visual que fusionan tradici\u00f3n y creatividad, ideales para darle vida a cualquier proyecto mientras te r\u00edes hasta con la Catrina.<\/p>\n","protected":false},"featured_media":16350,"comment_status":"open","ping_status":"closed","template":"","meta":{"_et_pb_use_builder":"","_et_pb_old_content":"","_et_gb_content_width":""},"product_cat":[134],"product_tag":[],"class_list":{"0":"post-16642","1":"product","2":"type-product","3":"status-publish","4":"has-post-thumbnail","6":"product_cat-11_18-mx","7":"pa_color-blanco","8":"pa_color-negro","10":"first","11":"instock","12":"shipping-taxable","13":"product-type-variable"},"_links":{"self":[{"href":"https:\/\/pandita.mx\/index.php\/wp-json\/wp\/v2\/product\/16642","targetHints":{"allow":["GET"]}}],"collection":[{"href":"https:\/\/pandita.mx\/index.php\/wp-json\/wp\/v2\/product"}],"about":[{"href":"https:\/\/pandita.mx\/index.php\/wp-json\/wp\/v2\/types\/product"}],"replies":[{"embeddable":true,"href":"https:\/\/pandita.mx\/index.php\/wp-json\/wp\/v2\/comments?post=16642"}],"wp:featuredmedia":[{"embeddable":true,"href":"https:\/\/pandita.mx\/index.php\/wp-json\/wp\/v2\/media\/16350"}],"wp:attachment":[{"href":"https:\/\/pandita.mx\/index.php\/wp-json\/wp\/v2\/media?parent=16642"}],"wp:term":[{"taxonomy":"product_cat","embeddable":true,"href":"https:\/\/pandita.mx\/index.php\/wp-json\/wp\/v2\/product_cat?post=16642"},{"taxonomy":"product_tag","embeddable":true,"href":"https:\/\/pandita.mx\/index.php\/wp-json\/wp\/v2\/product_tag?post=16642"}],"curies":[{"name":"wp","href":"https:\/\/api.w.org\/{rel}","templated":true}]}}