{"id":1661,"date":"2024-05-28T07:23:12","date_gmt":"2024-05-28T05:23:12","guid":{"rendered":"https:\/\/pandita.mx\/?post_type=product&#038;p=1661"},"modified":"2024-05-28T07:23:12","modified_gmt":"2024-05-28T05:23:12","slug":"ironman-te-quiero-3000","status":"publish","type":"product","link":"https:\/\/pandita.mx\/index.php\/producto\/ironman-te-quiero-3000\/","title":{"rendered":"Ironman Te quiero 3000"},"content":{"rendered":"<p>Dise\u00f1o de playera para el d\u00eda del padre con los super h\u00e9roes de moda<\/p>\n","protected":false},"excerpt":{"rendered":"<p>Dise\u00f1o de playera para el d\u00eda del padre con los super h\u00e9roes de moda<\/p>\n","protected":false},"featured_media":1633,"comment_status":"open","ping_status":"closed","template":"","meta":{"_et_pb_use_builder":"","_et_pb_old_content":"","_et_gb_content_width":""},"product_cat":[56],"product_tag":[],"class_list":{"0":"post-1661","1":"product","2":"type-product","3":"status-publish","4":"has-post-thumbnail","6":"product_cat-dia-del-padre","8":"first","9":"instock","10":"shipping-taxable","11":"purchasable","12":"product-type-simple"},"_links":{"self":[{"href":"https:\/\/pandita.mx\/index.php\/wp-json\/wp\/v2\/product\/1661","targetHints":{"allow":["GET"]}}],"collection":[{"href":"https:\/\/pandita.mx\/index.php\/wp-json\/wp\/v2\/product"}],"about":[{"href":"https:\/\/pandita.mx\/index.php\/wp-json\/wp\/v2\/types\/product"}],"replies":[{"embeddable":true,"href":"https:\/\/pandita.mx\/index.php\/wp-json\/wp\/v2\/comments?post=1661"}],"wp:featuredmedia":[{"embeddable":true,"href":"https:\/\/pandita.mx\/index.php\/wp-json\/wp\/v2\/media\/1633"}],"wp:attachment":[{"href":"https:\/\/pandita.mx\/index.php\/wp-json\/wp\/v2\/media?parent=1661"}],"wp:term":[{"taxonomy":"product_cat","embeddable":true,"href":"https:\/\/pandita.mx\/index.php\/wp-json\/wp\/v2\/product_cat?post=1661"},{"taxonomy":"product_tag","embeddable":true,"href":"https:\/\/pandita.mx\/index.php\/wp-json\/wp\/v2\/product_tag?post=1661"}],"curies":[{"name":"wp","href":"https:\/\/api.w.org\/{rel}","templated":true}]}}