{"id":1657,"date":"2024-05-28T07:20:12","date_gmt":"2024-05-28T05:20:12","guid":{"rendered":"https:\/\/pandita.mx\/?post_type=product&#038;p=1657"},"modified":"2024-05-28T07:20:13","modified_gmt":"2024-05-28T05:20:13","slug":"ghost-face-quien-esta-ahi","status":"publish","type":"product","link":"https:\/\/pandita.mx\/index.php\/producto\/ghost-face-quien-esta-ahi\/","title":{"rendered":"Ghost Face Quien esta ahi"},"content":{"rendered":"<p>Dise\u00f1o de playera para el d\u00eda del padre con los super h\u00e9roes de moda<\/p>\n","protected":false},"excerpt":{"rendered":"<p>Dise\u00f1o de playera para el d\u00eda del padre con los super h\u00e9roes de moda<\/p>\n","protected":false},"featured_media":1629,"comment_status":"open","ping_status":"closed","template":"","meta":{"_et_pb_use_builder":"","_et_pb_old_content":"","_et_gb_content_width":""},"product_cat":[56],"product_tag":[],"class_list":{"0":"post-1657","1":"product","2":"type-product","3":"status-publish","4":"has-post-thumbnail","6":"product_cat-dia-del-padre","8":"first","9":"instock","10":"shipping-taxable","11":"purchasable","12":"product-type-simple"},"_links":{"self":[{"href":"https:\/\/pandita.mx\/index.php\/wp-json\/wp\/v2\/product\/1657","targetHints":{"allow":["GET"]}}],"collection":[{"href":"https:\/\/pandita.mx\/index.php\/wp-json\/wp\/v2\/product"}],"about":[{"href":"https:\/\/pandita.mx\/index.php\/wp-json\/wp\/v2\/types\/product"}],"replies":[{"embeddable":true,"href":"https:\/\/pandita.mx\/index.php\/wp-json\/wp\/v2\/comments?post=1657"}],"wp:featuredmedia":[{"embeddable":true,"href":"https:\/\/pandita.mx\/index.php\/wp-json\/wp\/v2\/media\/1629"}],"wp:attachment":[{"href":"https:\/\/pandita.mx\/index.php\/wp-json\/wp\/v2\/media?parent=1657"}],"wp:term":[{"taxonomy":"product_cat","embeddable":true,"href":"https:\/\/pandita.mx\/index.php\/wp-json\/wp\/v2\/product_cat?post=1657"},{"taxonomy":"product_tag","embeddable":true,"href":"https:\/\/pandita.mx\/index.php\/wp-json\/wp\/v2\/product_tag?post=1657"}],"curies":[{"name":"wp","href":"https:\/\/api.w.org\/{rel}","templated":true}]}}