{"id":16053,"date":"2024-10-15T02:15:26","date_gmt":"2024-10-15T00:15:26","guid":{"rendered":"https:\/\/pandita.mx\/?post_type=product&#038;p=16053"},"modified":"2024-10-15T02:24:55","modified_gmt":"2024-10-15T00:24:55","slug":"teacher-prescolar-lobo-2","status":"publish","type":"product","link":"https:\/\/pandita.mx\/index.php\/producto\/teacher-prescolar-lobo-2\/","title":{"rendered":"Teacher Prescolar Lobo"},"content":{"rendered":"<p>Este Halloween, ense\u00f1a con estilo y terror con nuestras exclusivas playeras de pel\u00edculas de horror en Pandita.mx, dise\u00f1adas especialmente para maestros. Desde los cl\u00e1sicos del cine hasta los monstruos m\u00e1s ic\u00f3nicos, cada dise\u00f1o aporta un toque espeluznante y divertido para el aula. Perfectas para quienes quieren compartir su pasi\u00f3n por el terror mientras inspiran a sus estudiantes con creatividad y humor. \u00a1Haz que tus lecciones de Halloween sean inolvidables!<\/p>\n","protected":false},"excerpt":{"rendered":"<p>Este Halloween, ense\u00f1a con estilo y terror con nuestras exclusivas playeras de pel\u00edculas de horror en Pandita.mx, dise\u00f1adas especialmente para maestros. Desde los cl\u00e1sicos del cine hasta los monstruos m\u00e1s ic\u00f3nicos, cada dise\u00f1o aporta un toque espeluznante y divertido para el aula. Perfectas para quienes quieren compartir su pasi\u00f3n por el terror mientras inspiran a [&hellip;]<\/p>\n","protected":false},"featured_media":15528,"comment_status":"open","ping_status":"closed","template":"","meta":{"_et_pb_use_builder":"","_et_pb_old_content":"","_et_gb_content_width":""},"product_cat":[129],"product_tag":[],"class_list":{"0":"post-16053","1":"product","2":"type-product","3":"status-publish","4":"has-post-thumbnail","6":"product_cat-11_16-maestra","7":"pa_color-blanco","8":"pa_color-negro","10":"first","11":"instock","12":"shipping-taxable","13":"purchasable","14":"product-type-variable"},"_links":{"self":[{"href":"https:\/\/pandita.mx\/index.php\/wp-json\/wp\/v2\/product\/16053","targetHints":{"allow":["GET"]}}],"collection":[{"href":"https:\/\/pandita.mx\/index.php\/wp-json\/wp\/v2\/product"}],"about":[{"href":"https:\/\/pandita.mx\/index.php\/wp-json\/wp\/v2\/types\/product"}],"replies":[{"embeddable":true,"href":"https:\/\/pandita.mx\/index.php\/wp-json\/wp\/v2\/comments?post=16053"}],"wp:featuredmedia":[{"embeddable":true,"href":"https:\/\/pandita.mx\/index.php\/wp-json\/wp\/v2\/media\/15528"}],"wp:attachment":[{"href":"https:\/\/pandita.mx\/index.php\/wp-json\/wp\/v2\/media?parent=16053"}],"wp:term":[{"taxonomy":"product_cat","embeddable":true,"href":"https:\/\/pandita.mx\/index.php\/wp-json\/wp\/v2\/product_cat?post=16053"},{"taxonomy":"product_tag","embeddable":true,"href":"https:\/\/pandita.mx\/index.php\/wp-json\/wp\/v2\/product_tag?post=16053"}],"curies":[{"name":"wp","href":"https:\/\/api.w.org\/{rel}","templated":true}]}}