{"id":15597,"date":"2024-10-14T20:46:04","date_gmt":"2024-10-14T18:46:04","guid":{"rendered":"https:\/\/pandita.mx\/?post_type=product&#038;p=15597"},"modified":"2024-10-14T20:47:57","modified_gmt":"2024-10-14T18:47:57","slug":"fredy-kruger","status":"publish","type":"product","link":"https:\/\/pandita.mx\/index.php\/producto\/fredy-kruger\/","title":{"rendered":"Fredy Kruger"},"content":{"rendered":"<p>Enfrenta tus miedos este Halloween con nuestras aterradoras playeras de pel\u00edculas de terror en Pandita.mx. Desde los cl\u00e1sicos como Freddy Krueger y Jason hasta los monstruos m\u00e1s escalofriantes del cine, cada dise\u00f1o captura la esencia del horror. Perfectas para los fans del g\u00e9nero que quieren mostrar su pasi\u00f3n por el terror con un estilo impactante. \u00a1Atr\u00e9vete a destacar con un look que dar\u00e1 escalofr\u00edos!<\/p>\n","protected":false},"excerpt":{"rendered":"<p>Enfrenta tus miedos este Halloween con nuestras aterradoras playeras de pel\u00edculas de terror en Pandita.mx. Desde los cl\u00e1sicos como Freddy Krueger y Jason hasta los monstruos m\u00e1s escalofriantes del cine, cada dise\u00f1o captura la esencia del horror. Perfectas para los fans del g\u00e9nero que quieren mostrar su pasi\u00f3n por el terror con un estilo impactante. [&hellip;]<\/p>\n","protected":false},"featured_media":15499,"comment_status":"open","ping_status":"closed","template":"","meta":{"_et_pb_use_builder":"","_et_pb_old_content":"","_et_gb_content_width":""},"product_cat":[128],"product_tag":[],"class_list":{"0":"post-15597","1":"product","2":"type-product","3":"status-publish","4":"has-post-thumbnail","6":"product_cat-11_15-peliculas","7":"pa_color-blanco","8":"pa_color-negro","10":"first","11":"instock","12":"shipping-taxable","13":"purchasable","14":"product-type-variable"},"_links":{"self":[{"href":"https:\/\/pandita.mx\/index.php\/wp-json\/wp\/v2\/product\/15597","targetHints":{"allow":["GET"]}}],"collection":[{"href":"https:\/\/pandita.mx\/index.php\/wp-json\/wp\/v2\/product"}],"about":[{"href":"https:\/\/pandita.mx\/index.php\/wp-json\/wp\/v2\/types\/product"}],"replies":[{"embeddable":true,"href":"https:\/\/pandita.mx\/index.php\/wp-json\/wp\/v2\/comments?post=15597"}],"wp:featuredmedia":[{"embeddable":true,"href":"https:\/\/pandita.mx\/index.php\/wp-json\/wp\/v2\/media\/15499"}],"wp:attachment":[{"href":"https:\/\/pandita.mx\/index.php\/wp-json\/wp\/v2\/media?parent=15597"}],"wp:term":[{"taxonomy":"product_cat","embeddable":true,"href":"https:\/\/pandita.mx\/index.php\/wp-json\/wp\/v2\/product_cat?post=15597"},{"taxonomy":"product_tag","embeddable":true,"href":"https:\/\/pandita.mx\/index.php\/wp-json\/wp\/v2\/product_tag?post=15597"}],"curies":[{"name":"wp","href":"https:\/\/api.w.org\/{rel}","templated":true}]}}