{"id":15284,"date":"2024-10-14T05:22:02","date_gmt":"2024-10-14T03:22:02","guid":{"rendered":"https:\/\/pandita.mx\/?post_type=product&#038;p=15284"},"modified":"2024-10-14T05:23:05","modified_gmt":"2024-10-14T03:23:05","slug":"halloween-jessica-spider","status":"publish","type":"product","link":"https:\/\/pandita.mx\/index.php\/producto\/halloween-jessica-spider\/","title":{"rendered":"Halloween Jessica Spider"},"content":{"rendered":"<p>Celebra Halloween y el D\u00eda de Muertos con nuestras divertidas playeras de Mickey Mouse y sus amigos en Pandita.mx. \u00a1Un dise\u00f1o lleno de alegr\u00eda y nostalgia que har\u00e1 sonre\u00edr a grandes y peque\u00f1os<\/p>\n","protected":false},"excerpt":{"rendered":"<p>Celebra Halloween y el D\u00eda de Muertos con nuestras divertidas playeras de Mickey Mouse y sus amigos en Pandita.mx. \u00a1Un dise\u00f1o lleno de alegr\u00eda y nostalgia que har\u00e1 sonre\u00edr a grandes y peque\u00f1os<\/p>\n","protected":false},"featured_media":15134,"comment_status":"open","ping_status":"closed","template":"","meta":{"_et_pb_use_builder":"","_et_pb_old_content":"","_et_gb_content_width":""},"product_cat":[116],"product_tag":[],"class_list":{"0":"post-15284","1":"product","2":"type-product","3":"status-publish","4":"has-post-thumbnail","6":"product_cat-11_03-cartoon","7":"pa_color-blanco","8":"pa_color-negro","10":"first","11":"instock","12":"shipping-taxable","13":"purchasable","14":"product-type-variable"},"_links":{"self":[{"href":"https:\/\/pandita.mx\/index.php\/wp-json\/wp\/v2\/product\/15284","targetHints":{"allow":["GET"]}}],"collection":[{"href":"https:\/\/pandita.mx\/index.php\/wp-json\/wp\/v2\/product"}],"about":[{"href":"https:\/\/pandita.mx\/index.php\/wp-json\/wp\/v2\/types\/product"}],"replies":[{"embeddable":true,"href":"https:\/\/pandita.mx\/index.php\/wp-json\/wp\/v2\/comments?post=15284"}],"wp:featuredmedia":[{"embeddable":true,"href":"https:\/\/pandita.mx\/index.php\/wp-json\/wp\/v2\/media\/15134"}],"wp:attachment":[{"href":"https:\/\/pandita.mx\/index.php\/wp-json\/wp\/v2\/media?parent=15284"}],"wp:term":[{"taxonomy":"product_cat","embeddable":true,"href":"https:\/\/pandita.mx\/index.php\/wp-json\/wp\/v2\/product_cat?post=15284"},{"taxonomy":"product_tag","embeddable":true,"href":"https:\/\/pandita.mx\/index.php\/wp-json\/wp\/v2\/product_tag?post=15284"}],"curies":[{"name":"wp","href":"https:\/\/api.w.org\/{rel}","templated":true}]}}