{"id":15239,"date":"2024-10-14T05:21:03","date_gmt":"2024-10-14T03:21:03","guid":{"rendered":"https:\/\/pandita.mx\/?post_type=product&#038;p=15239"},"modified":"2024-10-14T05:23:20","modified_gmt":"2024-10-14T03:23:20","slug":"halloween-jessica-zombie","status":"publish","type":"product","link":"https:\/\/pandita.mx\/index.php\/producto\/halloween-jessica-zombie\/","title":{"rendered":"Halloween Jessica Zombie"},"content":{"rendered":"<p>Celebra Halloween y el D\u00eda de Muertos con nuestras divertidas playeras de Mickey Mouse y sus amigos en Pandita.mx. \u00a1Un dise\u00f1o lleno de alegr\u00eda y nostalgia que har\u00e1 sonre\u00edr a grandes y peque\u00f1os<\/p>\n","protected":false},"excerpt":{"rendered":"<p>Celebra Halloween y el D\u00eda de Muertos con nuestras divertidas playeras de Mickey Mouse y sus amigos en Pandita.mx. \u00a1Un dise\u00f1o lleno de alegr\u00eda y nostalgia que har\u00e1 sonre\u00edr a grandes y peque\u00f1os<\/p>\n","protected":false},"featured_media":15135,"comment_status":"open","ping_status":"closed","template":"","meta":{"_et_pb_use_builder":"","_et_pb_old_content":"","_et_gb_content_width":""},"product_cat":[116],"product_tag":[],"class_list":{"0":"post-15239","1":"product","2":"type-product","3":"status-publish","4":"has-post-thumbnail","6":"product_cat-11_03-cartoon","7":"pa_color-blanco","8":"pa_color-negro","10":"first","11":"instock","12":"shipping-taxable","13":"purchasable","14":"product-type-variable"},"_links":{"self":[{"href":"https:\/\/pandita.mx\/index.php\/wp-json\/wp\/v2\/product\/15239","targetHints":{"allow":["GET"]}}],"collection":[{"href":"https:\/\/pandita.mx\/index.php\/wp-json\/wp\/v2\/product"}],"about":[{"href":"https:\/\/pandita.mx\/index.php\/wp-json\/wp\/v2\/types\/product"}],"replies":[{"embeddable":true,"href":"https:\/\/pandita.mx\/index.php\/wp-json\/wp\/v2\/comments?post=15239"}],"wp:featuredmedia":[{"embeddable":true,"href":"https:\/\/pandita.mx\/index.php\/wp-json\/wp\/v2\/media\/15135"}],"wp:attachment":[{"href":"https:\/\/pandita.mx\/index.php\/wp-json\/wp\/v2\/media?parent=15239"}],"wp:term":[{"taxonomy":"product_cat","embeddable":true,"href":"https:\/\/pandita.mx\/index.php\/wp-json\/wp\/v2\/product_cat?post=15239"},{"taxonomy":"product_tag","embeddable":true,"href":"https:\/\/pandita.mx\/index.php\/wp-json\/wp\/v2\/product_tag?post=15239"}],"curies":[{"name":"wp","href":"https:\/\/api.w.org\/{rel}","templated":true}]}}