{"id":15194,"date":"2024-10-14T05:18:41","date_gmt":"2024-10-14T03:18:41","guid":{"rendered":"https:\/\/pandita.mx\/?post_type=product&#038;p=15194"},"modified":"2024-10-14T05:19:38","modified_gmt":"2024-10-14T03:19:38","slug":"intensamente-nightmare","status":"publish","type":"product","link":"https:\/\/pandita.mx\/index.php\/producto\/intensamente-nightmare\/","title":{"rendered":"Intensamente Nightmare"},"content":{"rendered":"<p>Expresa tus emociones este Halloween con nuestras divertidas playeras de Intensamente en Pandita.mx. Desde Alegr\u00eda hasta Tristeza, cada dise\u00f1o captura la esencia de tus personajes favoritos de la pel\u00edcula, permiti\u00e9ndote mostrar tu estado de \u00e1nimo de una manera divertida y colorida. Perfectas para los fans de Pixar que quieren celebrar la temporada con un toque emocional y encantador. \u00a1Haz que tu Halloween sea una experiencia inolvidable!<\/p>\n","protected":false},"excerpt":{"rendered":"<p>Expresa tus emociones este Halloween con nuestras divertidas playeras de Intensamente en Pandita.mx. Desde Alegr\u00eda hasta Tristeza, cada dise\u00f1o captura la esencia de tus personajes favoritos de la pel\u00edcula, permiti\u00e9ndote mostrar tu estado de \u00e1nimo de una manera divertida y colorida. Perfectas para los fans de Pixar que quieren celebrar la temporada con un toque [&hellip;]<\/p>\n","protected":false},"featured_media":15129,"comment_status":"open","ping_status":"closed","template":"","meta":{"_et_pb_use_builder":"","_et_pb_old_content":"","_et_gb_content_width":""},"product_cat":[126],"product_tag":[],"class_list":{"0":"post-15194","1":"product","2":"type-product","3":"status-publish","4":"has-post-thumbnail","6":"product_cat-11_13-intensamente","7":"pa_color-blanco","8":"pa_color-negro","10":"first","11":"instock","12":"shipping-taxable","13":"purchasable","14":"product-type-variable"},"_links":{"self":[{"href":"https:\/\/pandita.mx\/index.php\/wp-json\/wp\/v2\/product\/15194","targetHints":{"allow":["GET"]}}],"collection":[{"href":"https:\/\/pandita.mx\/index.php\/wp-json\/wp\/v2\/product"}],"about":[{"href":"https:\/\/pandita.mx\/index.php\/wp-json\/wp\/v2\/types\/product"}],"replies":[{"embeddable":true,"href":"https:\/\/pandita.mx\/index.php\/wp-json\/wp\/v2\/comments?post=15194"}],"wp:featuredmedia":[{"embeddable":true,"href":"https:\/\/pandita.mx\/index.php\/wp-json\/wp\/v2\/media\/15129"}],"wp:attachment":[{"href":"https:\/\/pandita.mx\/index.php\/wp-json\/wp\/v2\/media?parent=15194"}],"wp:term":[{"taxonomy":"product_cat","embeddable":true,"href":"https:\/\/pandita.mx\/index.php\/wp-json\/wp\/v2\/product_cat?post=15194"},{"taxonomy":"product_tag","embeddable":true,"href":"https:\/\/pandita.mx\/index.php\/wp-json\/wp\/v2\/product_tag?post=15194"}],"curies":[{"name":"wp","href":"https:\/\/api.w.org\/{rel}","templated":true}]}}