{"id":15065,"date":"2024-10-14T05:03:05","date_gmt":"2024-10-14T03:03:05","guid":{"rendered":"https:\/\/pandita.mx\/?post_type=product&#038;p=15065"},"modified":"2024-10-14T05:03:42","modified_gmt":"2024-10-14T03:03:42","slug":"dia-de-muertos-thanos","status":"publish","type":"product","link":"https:\/\/pandita.mx\/index.php\/producto\/dia-de-muertos-thanos\/","title":{"rendered":"D\u00eda de Muertos Thanos"},"content":{"rendered":"<p>Luce tu valent\u00eda este Halloween con nuestras impresionantes playeras de h\u00e9roes en Pandita.mx. Desde superh\u00e9roes cl\u00e1sicos hasta personajes de tus pel\u00edculas y series favoritas, cada dise\u00f1o celebra el esp\u00edritu de la hero\u00edsmo con un estilo \u00fanico y audaz. Perfectas para quienes quieren destacar su amor por los h\u00e9roes y enfrentar la noche de Halloween con confianza y diversi\u00f3n. \u00a1Haz que tu look sea \u00e9pico!<\/p>\n","protected":false},"excerpt":{"rendered":"<p>Luce tu valent\u00eda este Halloween con nuestras impresionantes playeras de h\u00e9roes en Pandita.mx. Desde superh\u00e9roes cl\u00e1sicos hasta personajes de tus pel\u00edculas y series favoritas, cada dise\u00f1o celebra el esp\u00edritu de la hero\u00edsmo con un estilo \u00fanico y audaz. Perfectas para quienes quieren destacar su amor por los h\u00e9roes y enfrentar la noche de Halloween con [&hellip;]<\/p>\n","protected":false},"featured_media":14746,"comment_status":"open","ping_status":"closed","template":"","meta":{"_et_pb_use_builder":"","_et_pb_old_content":"","_et_gb_content_width":""},"product_cat":[125],"product_tag":[],"class_list":{"0":"post-15065","1":"product","2":"type-product","3":"status-publish","4":"has-post-thumbnail","6":"product_cat-11_12-heroes","7":"pa_color-blanco","8":"pa_color-negro","10":"first","11":"instock","12":"shipping-taxable","13":"purchasable","14":"product-type-variable"},"_links":{"self":[{"href":"https:\/\/pandita.mx\/index.php\/wp-json\/wp\/v2\/product\/15065","targetHints":{"allow":["GET"]}}],"collection":[{"href":"https:\/\/pandita.mx\/index.php\/wp-json\/wp\/v2\/product"}],"about":[{"href":"https:\/\/pandita.mx\/index.php\/wp-json\/wp\/v2\/types\/product"}],"replies":[{"embeddable":true,"href":"https:\/\/pandita.mx\/index.php\/wp-json\/wp\/v2\/comments?post=15065"}],"wp:featuredmedia":[{"embeddable":true,"href":"https:\/\/pandita.mx\/index.php\/wp-json\/wp\/v2\/media\/14746"}],"wp:attachment":[{"href":"https:\/\/pandita.mx\/index.php\/wp-json\/wp\/v2\/media?parent=15065"}],"wp:term":[{"taxonomy":"product_cat","embeddable":true,"href":"https:\/\/pandita.mx\/index.php\/wp-json\/wp\/v2\/product_cat?post=15065"},{"taxonomy":"product_tag","embeddable":true,"href":"https:\/\/pandita.mx\/index.php\/wp-json\/wp\/v2\/product_tag?post=15065"}],"curies":[{"name":"wp","href":"https:\/\/api.w.org\/{rel}","templated":true}]}}