{"id":14605,"date":"2024-10-14T04:35:01","date_gmt":"2024-10-14T02:35:01","guid":{"rendered":"https:\/\/pandita.mx\/?post_type=product&#038;p=14605"},"modified":"2024-10-14T04:36:09","modified_gmt":"2024-10-14T02:36:09","slug":"kitty-halloween-cinemaroll","status":"publish","type":"product","link":"https:\/\/pandita.mx\/index.php\/producto\/kitty-halloween-cinemaroll\/","title":{"rendered":"Kitty Halloween Cinemaroll"},"content":{"rendered":"<p>Celebra Halloween con un toque adorable usando nuestras encantadoras playeras de Hello Kitty en Pandita.mx. Con dise\u00f1os festivos que combinan la ternura de Hello Kitty con la diversi\u00f3n del Halloween, estas playeras son perfectas para quienes desean destacar su amor por este ic\u00f3nico personaje mientras disfrutan de la temporada. \u00a1Haz que cada momento sea especial y encantador<\/p>\n","protected":false},"excerpt":{"rendered":"<p>Celebra Halloween con un toque adorable usando nuestras encantadoras playeras de Hello Kitty en Pandita.mx. Con dise\u00f1os festivos que combinan la ternura de Hello Kitty con la diversi\u00f3n del Halloween, estas playeras son perfectas para quienes desean destacar su amor por este ic\u00f3nico personaje mientras disfrutan de la temporada. \u00a1Haz que cada momento sea especial [&hellip;]<\/p>\n","protected":false},"featured_media":14357,"comment_status":"open","ping_status":"closed","template":"","meta":{"_et_pb_use_builder":"","_et_pb_old_content":"","_et_gb_content_width":""},"product_cat":[124],"product_tag":[],"class_list":{"0":"post-14605","1":"product","2":"type-product","3":"status-publish","4":"has-post-thumbnail","6":"product_cat-11_11-hello-kitty","7":"pa_color-blanco","8":"pa_color-negro","10":"first","11":"instock","12":"shipping-taxable","13":"purchasable","14":"product-type-variable"},"_links":{"self":[{"href":"https:\/\/pandita.mx\/index.php\/wp-json\/wp\/v2\/product\/14605","targetHints":{"allow":["GET"]}}],"collection":[{"href":"https:\/\/pandita.mx\/index.php\/wp-json\/wp\/v2\/product"}],"about":[{"href":"https:\/\/pandita.mx\/index.php\/wp-json\/wp\/v2\/types\/product"}],"replies":[{"embeddable":true,"href":"https:\/\/pandita.mx\/index.php\/wp-json\/wp\/v2\/comments?post=14605"}],"wp:featuredmedia":[{"embeddable":true,"href":"https:\/\/pandita.mx\/index.php\/wp-json\/wp\/v2\/media\/14357"}],"wp:attachment":[{"href":"https:\/\/pandita.mx\/index.php\/wp-json\/wp\/v2\/media?parent=14605"}],"wp:term":[{"taxonomy":"product_cat","embeddable":true,"href":"https:\/\/pandita.mx\/index.php\/wp-json\/wp\/v2\/product_cat?post=14605"},{"taxonomy":"product_tag","embeddable":true,"href":"https:\/\/pandita.mx\/index.php\/wp-json\/wp\/v2\/product_tag?post=14605"}],"curies":[{"name":"wp","href":"https:\/\/api.w.org\/{rel}","templated":true}]}}