{"id":14431,"date":"2024-10-14T04:14:13","date_gmt":"2024-10-14T02:14:13","guid":{"rendered":"https:\/\/pandita.mx\/?post_type=product&#038;p=14431"},"modified":"2024-10-14T04:24:01","modified_gmt":"2024-10-14T02:24:01","slug":"dia-de-muertos-princesas-disney-blanca-nieves","status":"publish","type":"product","link":"https:\/\/pandita.mx\/index.php\/producto\/dia-de-muertos-princesas-disney-blanca-nieves\/","title":{"rendered":"D\u00eda de Muertos Princesas Disney Blanca Nieves"},"content":{"rendered":"<p>Brilla con elegancia este Halloween con nuestras encantadoras playeras de las Princesas Disney en Pandita.mx. Desde la valiente Mulan hasta la so\u00f1adora Cinderella, cada dise\u00f1o captura la magia y la belleza de estas ic\u00f3nicas hero\u00ednas en un contexto festivo. Perfectas para las amantes de Disney que desean celebrar con estilo y un toque de cuento de hadas. \u00a1Haz que tu Halloween sea verdaderamente m\u00e1gico!<\/p>\n","protected":false},"excerpt":{"rendered":"<p>Brilla con elegancia este Halloween con nuestras encantadoras playeras de las Princesas Disney en Pandita.mx. Desde la valiente Mulan hasta la so\u00f1adora Cinderella, cada dise\u00f1o captura la magia y la belleza de estas ic\u00f3nicas hero\u00ednas en un contexto festivo. Perfectas para las amantes de Disney que desean celebrar con estilo y un toque de cuento [&hellip;]<\/p>\n","protected":false},"featured_media":14345,"comment_status":"open","ping_status":"closed","template":"","meta":{"_et_pb_use_builder":"","_et_pb_old_content":"","_et_gb_content_width":""},"product_cat":[123],"product_tag":[],"class_list":{"0":"post-14431","1":"product","2":"type-product","3":"status-publish","4":"has-post-thumbnail","6":"product_cat-11_10-princes-disney","7":"pa_color-blanco","8":"pa_color-negro","10":"first","11":"instock","12":"shipping-taxable","13":"purchasable","14":"product-type-variable"},"_links":{"self":[{"href":"https:\/\/pandita.mx\/index.php\/wp-json\/wp\/v2\/product\/14431","targetHints":{"allow":["GET"]}}],"collection":[{"href":"https:\/\/pandita.mx\/index.php\/wp-json\/wp\/v2\/product"}],"about":[{"href":"https:\/\/pandita.mx\/index.php\/wp-json\/wp\/v2\/types\/product"}],"replies":[{"embeddable":true,"href":"https:\/\/pandita.mx\/index.php\/wp-json\/wp\/v2\/comments?post=14431"}],"wp:featuredmedia":[{"embeddable":true,"href":"https:\/\/pandita.mx\/index.php\/wp-json\/wp\/v2\/media\/14345"}],"wp:attachment":[{"href":"https:\/\/pandita.mx\/index.php\/wp-json\/wp\/v2\/media?parent=14431"}],"wp:term":[{"taxonomy":"product_cat","embeddable":true,"href":"https:\/\/pandita.mx\/index.php\/wp-json\/wp\/v2\/product_cat?post=14431"},{"taxonomy":"product_tag","embeddable":true,"href":"https:\/\/pandita.mx\/index.php\/wp-json\/wp\/v2\/product_tag?post=14431"}],"curies":[{"name":"wp","href":"https:\/\/api.w.org\/{rel}","templated":true}]}}