{"id":144,"date":"2023-12-21T06:52:45","date_gmt":"2023-12-21T05:52:45","guid":{"rendered":"https:\/\/pandita.mx\/?post_type=product&#038;p=144"},"modified":"2024-01-14T16:09:03","modified_gmt":"2024-01-14T15:09:03","slug":"feliz-dia-magos","status":"publish","type":"product","link":"https:\/\/pandita.mx\/index.php\/producto\/feliz-dia-magos\/","title":{"rendered":"Feliz D\u00eda Magos"},"content":{"rendered":"<p>Dise\u00f1o de los tres reyes magos con la frase Feliz D\u00eda Magos, un dise\u00f1o original y creativo, elaborado para aplicar en sudadera \u00f3 playera color<\/p>\n","protected":false},"excerpt":{"rendered":"<p>Dise\u00f1o de los tres reyes magos con la frase Feliz D\u00eda Magos, un dise\u00f1o original y creativo, elaborado para aplicar en sudadera \u00f3 playera color<\/p>\n","protected":false},"featured_media":126,"comment_status":"open","ping_status":"closed","template":"","meta":{"_et_pb_use_builder":"","_et_pb_old_content":"","_et_gb_content_width":""},"product_cat":[18,19],"product_tag":[22],"class_list":{"0":"post-144","1":"product","2":"type-product","3":"status-publish","4":"has-post-thumbnail","6":"product_cat-enero","7":"product_cat-reyes-magos","8":"product_tag-reyesmagos","10":"first","11":"instock","12":"shipping-taxable","13":"purchasable","14":"product-type-simple"},"_links":{"self":[{"href":"https:\/\/pandita.mx\/index.php\/wp-json\/wp\/v2\/product\/144","targetHints":{"allow":["GET"]}}],"collection":[{"href":"https:\/\/pandita.mx\/index.php\/wp-json\/wp\/v2\/product"}],"about":[{"href":"https:\/\/pandita.mx\/index.php\/wp-json\/wp\/v2\/types\/product"}],"replies":[{"embeddable":true,"href":"https:\/\/pandita.mx\/index.php\/wp-json\/wp\/v2\/comments?post=144"}],"wp:featuredmedia":[{"embeddable":true,"href":"https:\/\/pandita.mx\/index.php\/wp-json\/wp\/v2\/media\/126"}],"wp:attachment":[{"href":"https:\/\/pandita.mx\/index.php\/wp-json\/wp\/v2\/media?parent=144"}],"wp:term":[{"taxonomy":"product_cat","embeddable":true,"href":"https:\/\/pandita.mx\/index.php\/wp-json\/wp\/v2\/product_cat?post=144"},{"taxonomy":"product_tag","embeddable":true,"href":"https:\/\/pandita.mx\/index.php\/wp-json\/wp\/v2\/product_tag?post=144"}],"curies":[{"name":"wp","href":"https:\/\/api.w.org\/{rel}","templated":true}]}}