{"id":13586,"date":"2024-10-14T02:57:29","date_gmt":"2024-10-14T00:57:29","guid":{"rendered":"https:\/\/pandita.mx\/?post_type=product&#038;p=13586"},"modified":"2024-10-14T02:58:59","modified_gmt":"2024-10-14T00:58:59","slug":"halloween-carlitos","status":"publish","type":"product","link":"https:\/\/pandita.mx\/index.php\/producto\/halloween-carlitos\/","title":{"rendered":"Halloween Carlitos"},"content":{"rendered":"<p><strong>\u00abLuce nuestras adorables playeras de Carlitos de Rugrats en Pandita.mx. \u00a1Un dise\u00f1o nost\u00e1lgico y divertido que trae de vuelta la magia de la infancia para Halloween y el D\u00eda de Muertos!\u00bb<\/strong><\/p>\n","protected":false},"excerpt":{"rendered":"<p>\u00abLuce nuestras adorables playeras de Carlitos de Rugrats en Pandita.mx. \u00a1Un dise\u00f1o nost\u00e1lgico y divertido que trae de vuelta la magia de la infancia para Halloween y el D\u00eda de Muertos!\u00bb<\/p>\n","protected":false},"featured_media":13549,"comment_status":"open","ping_status":"closed","template":"","meta":{"_et_pb_use_builder":"","_et_pb_old_content":"","_et_gb_content_width":""},"product_cat":[116],"product_tag":[],"class_list":{"0":"post-13586","1":"product","2":"type-product","3":"status-publish","4":"has-post-thumbnail","6":"product_cat-11_03-cartoon","7":"pa_color-blanco","8":"pa_color-negro","10":"first","11":"instock","12":"shipping-taxable","13":"purchasable","14":"product-type-variable"},"_links":{"self":[{"href":"https:\/\/pandita.mx\/index.php\/wp-json\/wp\/v2\/product\/13586","targetHints":{"allow":["GET"]}}],"collection":[{"href":"https:\/\/pandita.mx\/index.php\/wp-json\/wp\/v2\/product"}],"about":[{"href":"https:\/\/pandita.mx\/index.php\/wp-json\/wp\/v2\/types\/product"}],"replies":[{"embeddable":true,"href":"https:\/\/pandita.mx\/index.php\/wp-json\/wp\/v2\/comments?post=13586"}],"wp:featuredmedia":[{"embeddable":true,"href":"https:\/\/pandita.mx\/index.php\/wp-json\/wp\/v2\/media\/13549"}],"wp:attachment":[{"href":"https:\/\/pandita.mx\/index.php\/wp-json\/wp\/v2\/media?parent=13586"}],"wp:term":[{"taxonomy":"product_cat","embeddable":true,"href":"https:\/\/pandita.mx\/index.php\/wp-json\/wp\/v2\/product_cat?post=13586"},{"taxonomy":"product_tag","embeddable":true,"href":"https:\/\/pandita.mx\/index.php\/wp-json\/wp\/v2\/product_tag?post=13586"}],"curies":[{"name":"wp","href":"https:\/\/api.w.org\/{rel}","templated":true}]}}